{"id":61502,"date":"2022-08-08T15:32:12","date_gmt":"2022-08-08T15:32:12","guid":{"rendered":"https:\/\/ikosresorts.com\/?page_id=61502"},"modified":"2024-08-07T09:30:25","modified_gmt":"2024-08-07T09:30:25","slug":"accessibility","status":"publish","type":"page","link":"https:\/\/ikosresorts.com\/fr\/accessibility\/","title":{"rendered":"Accessibility"},"content":{"rendered":"\t\t<div data-elementor-type=\"wp-page\" data-elementor-id=\"61502\" class=\"elementor elementor-61502 elementor-38\" data-elementor-post-type=\"page\">\n\t\t\t\t\t\t<section class=\"elementor-section elementor-top-section elementor-element elementor-element-f3ba472 elementor-section-full_width elementor-section-height-min-height hero-single elementor-section-height-default elementor-section-items-middle\" data-id=\"f3ba472\" data-element_type=\"section\" data-settings=\"{&quot;background_background&quot;:&quot;slideshow&quot;,&quot;background_slideshow_gallery&quot;:[{&quot;id&quot;:58205,&quot;url&quot;:&quot;https:\\\/\\\/ikosresorts.com\\\/wp-content\\\/uploads\\\/2022\\\/12\\\/Ikos-Oceania-_-Beach_2801x2100-1-1-1-scaled.jpg&quot;}],&quot;background_slideshow_slide_transition&quot;:&quot;fade&quot;}\">\n\t\t\t\t\t\t\t<div class=\"elementor-background-overlay\"><\/div>\n\t\t\t\t\t\t\t<div class=\"elementor-container elementor-column-gap-default\">\n\t\t\t\t\t<div class=\"elementor-column elementor-col-100 elementor-top-column elementor-element elementor-element-5c7e6584 hero-column\" data-id=\"5c7e6584\" data-element_type=\"column\">\n\t\t\t<div class=\"elementor-widget-wrap elementor-element-populated\">\n\t\t\t\t\t\t<section class=\"elementor-section elementor-inner-section elementor-element elementor-element-730ef0e3 elementor-section-full_width hero-group-titles elementor-section-height-default elementor-section-height-default\" data-id=\"730ef0e3\" data-element_type=\"section\">\n\t\t\t\t\t\t<div class=\"elementor-container elementor-column-gap-no\">\n\t\t\t\t\t<div class=\"elementor-column elementor-col-100 elementor-inner-column elementor-element elementor-element-78ec3dc3\" data-id=\"78ec3dc3\" data-element_type=\"column\">\n\t\t\t<div class=\"elementor-widget-wrap elementor-element-populated\">\n\t\t\t\t\t\t<div class=\"elementor-element elementor-element-9021f27 hero2-title elementor-widget elementor-widget-heading\" data-id=\"9021f27\" data-element_type=\"widget\" data-widget_type=\"heading.default\">\n\t\t\t\t<div class=\"elementor-widget-container\">\n\t\t\t<style>\/*! elementor - v3.21.0 - 26-05-2024 *\/\n.elementor-heading-title{padding:0;margin:0;line-height:1}.elementor-widget-heading .elementor-heading-title[class*=elementor-size-]>a{color:inherit;font-size:inherit;line-height:inherit}.elementor-widget-heading .elementor-heading-title.elementor-size-small{font-size:15px}.elementor-widget-heading .elementor-heading-title.elementor-size-medium{font-size:19px}.elementor-widget-heading .elementor-heading-title.elementor-size-large{font-size:29px}.elementor-widget-heading .elementor-heading-title.elementor-size-xl{font-size:39px}.elementor-widget-heading .elementor-heading-title.elementor-size-xxl{font-size:59px}<\/style><h1 class=\"elementor-heading-title elementor-size-default\">ACCESSIBILIT\u00c9<\/h1>\t\t<\/div>\n\t\t\t\t<\/div>\n\t\t\t\t\t<\/div>\n\t\t<\/div>\n\t\t\t\t\t<\/div>\n\t\t<\/section>\n\t\t\t\t<section class=\"elementor-section elementor-inner-section elementor-element elementor-element-363e8aee hero-explore-desktop elementor-section-height-min-height elementor-hidden-mobile elementor-section-boxed elementor-section-height-default\" data-id=\"363e8aee\" data-element_type=\"section\">\n\t\t\t\t\t\t<div class=\"elementor-container elementor-column-gap-default\">\n\t\t\t\t\t<div class=\"elementor-column elementor-col-100 elementor-inner-column elementor-element elementor-element-aa53cb9 hero-column\" data-id=\"aa53cb9\" data-element_type=\"column\">\n\t\t\t<div class=\"elementor-widget-wrap elementor-element-populated\">\n\t\t\t\t\t\t<div class=\"elementor-element elementor-element-69587daa elementor-widget elementor-widget-heading\" data-id=\"69587daa\" data-element_type=\"widget\" data-widget_type=\"heading.default\">\n\t\t\t\t<div class=\"elementor-widget-container\">\n\t\t\t<h2 class=\"elementor-heading-title elementor-size-default\">Explore<\/h2>\t\t<\/div>\n\t\t\t\t<\/div>\n\t\t\t\t<div class=\"elementor-element elementor-element-38357192 elementor-widget elementor-widget-image\" data-id=\"38357192\" data-element_type=\"widget\" data-widget_type=\"image.default\">\n\t\t\t\t<div class=\"elementor-widget-container\">\n\t\t\t<style>\/*! elementor - v3.21.0 - 26-05-2024 *\/\n.elementor-widget-image{text-align:center}.elementor-widget-image a{display:inline-block}.elementor-widget-image a img[src$=\".svg\"]{width:48px}.elementor-widget-image img{vertical-align:middle;display:inline-block}<\/style>\t\t\t\t\t\t\t\t\t\t<img decoding=\"async\" width=\"26\" height=\"30\" src=\"https:\/\/ikosresorts.com\/wp-content\/uploads\/2022\/10\/arrow-down.png\" class=\"attachment-large size-large wp-image-9213\" alt=\"arrow-down\" \/>\t\t\t\t\t\t\t\t\t\t\t\t\t<\/div>\n\t\t\t\t<\/div>\n\t\t\t\t\t<\/div>\n\t\t<\/div>\n\t\t\t\t\t<\/div>\n\t\t<\/section>\n\t\t\t\t<section class=\"elementor-section elementor-inner-section elementor-element elementor-element-27b476d5 hero-explore-mobile elementor-section-height-min-height elementor-hidden-desktop elementor-hidden-tablet elementor-section-boxed elementor-section-height-default\" data-id=\"27b476d5\" data-element_type=\"section\">\n\t\t\t\t\t\t<div class=\"elementor-container elementor-column-gap-default\">\n\t\t\t\t\t<div class=\"elementor-column elementor-col-100 elementor-inner-column elementor-element elementor-element-7394c424 hero-column\" data-id=\"7394c424\" data-element_type=\"column\">\n\t\t\t<div class=\"elementor-widget-wrap elementor-element-populated\">\n\t\t\t\t\t\t<div class=\"elementor-element elementor-element-34fae83b elementor-widget__width-auto elementor-widget elementor-widget-image\" data-id=\"34fae83b\" data-element_type=\"widget\" data-widget_type=\"image.default\">\n\t\t\t\t<div class=\"elementor-widget-container\">\n\t\t\t\t\t\t\t\t\t\t\t\t\t<img decoding=\"async\" width=\"26\" height=\"30\" src=\"https:\/\/ikosresorts.com\/wp-content\/uploads\/2022\/10\/arrow-down.png\" class=\"attachment-large size-large wp-image-9213\" alt=\"arrow-down\" \/>\t\t\t\t\t\t\t\t\t\t\t\t\t<\/div>\n\t\t\t\t<\/div>\n\t\t\t\t<div class=\"elementor-element elementor-element-4d6aad32 elementor-widget__width-auto elementor-widget elementor-widget-heading\" data-id=\"4d6aad32\" data-element_type=\"widget\" data-widget_type=\"heading.default\">\n\t\t\t\t<div class=\"elementor-widget-container\">\n\t\t\t<h2 class=\"elementor-heading-title elementor-size-default\">Swipe to explore<\/h2>\t\t<\/div>\n\t\t\t\t<\/div>\n\t\t\t\t\t<\/div>\n\t\t<\/div>\n\t\t\t\t\t<\/div>\n\t\t<\/section>\n\t\t\t\t\t<\/div>\n\t\t<\/div>\n\t\t\t\t\t<\/div>\n\t\t<\/section>\n\t\t\t\t<section class=\"elementor-section elementor-top-section elementor-element elementor-element-7f37a07 ikos-rich-text elementor-section-boxed elementor-section-height-default elementor-section-height-default\" data-id=\"7f37a07\" data-element_type=\"section\" data-settings=\"{&quot;background_background&quot;:&quot;classic&quot;}\">\n\t\t\t\t\t\t<div class=\"elementor-container elementor-column-gap-default\">\n\t\t\t\t\t<div class=\"elementor-column elementor-col-100 elementor-top-column elementor-element elementor-element-b763748\" data-id=\"b763748\" data-element_type=\"column\">\n\t\t\t<div class=\"elementor-widget-wrap elementor-element-populated\">\n\t\t\t\t\t\t<div class=\"elementor-element elementor-element-4c72f2d8 elementor-widget elementor-widget-heading\" data-id=\"4c72f2d8\" data-element_type=\"widget\" data-widget_type=\"heading.default\">\n\t\t\t\t<div class=\"elementor-widget-container\">\n\t\t\t<h2 class=\"elementor-heading-title elementor-size-default\">ACCESSIBILIT\u00c9<\/h2>\t\t<\/div>\n\t\t\t\t<\/div>\n\t\t\t\t<div class=\"elementor-element elementor-element-7e6a38 elementor-widget elementor-widget-text-editor\" data-id=\"7e6a38\" data-element_type=\"widget\" data-widget_type=\"text-editor.default\">\n\t\t\t\t<div class=\"elementor-widget-container\">\n\t\t\t<style>\/*! elementor - v3.21.0 - 26-05-2024 *\/\n.elementor-widget-text-editor.elementor-drop-cap-view-stacked .elementor-drop-cap{background-color:#69727d;color:#fff}.elementor-widget-text-editor.elementor-drop-cap-view-framed .elementor-drop-cap{color:#69727d;border:3px solid;background-color:transparent}.elementor-widget-text-editor:not(.elementor-drop-cap-view-default) .elementor-drop-cap{margin-top:8px}.elementor-widget-text-editor:not(.elementor-drop-cap-view-default) .elementor-drop-cap-letter{width:1em;height:1em}.elementor-widget-text-editor .elementor-drop-cap{float:left;text-align:center;line-height:1;font-size:50px}.elementor-widget-text-editor .elementor-drop-cap-letter{display:inline-block}<\/style>\t\t\t\t<p>Nous avons con\u00e7u notre site Web pour qu\u2019il soit aussi accessible que possible, conform\u00e9ment aux directives \u00e9tablies par la Web Accessibility Initiative (WAI).<\/p><p>Il existe \u00e9galement des fonctions tr\u00e8s simples d\u00e9j\u00e0 int\u00e9gr\u00e9es \u00e0 votre ordinateur vous permettant d\u2019avoir acc\u00e8s plus facilement aux informations que vous recherchez sur notre site.<\/p><p>Vous pouvez facilement faire des changements dans votre ordinateur pour rendre plus facile la lecture des pages.<\/p><p>La plupart des navigateurs Internet, comme Internet Explorer ou Safari, vous permettent de modifier la police et la couleur du texte d\u2019une page Web comme vous le souhaitez. De nombreux syst\u00e8mes d\u2019exploitation sont \u00e9galement \u00e9quip\u00e9s d\u2019un agrandisseur d\u2019\u00e9cran int\u00e9gr\u00e9 qui vous permet d\u2019agrandir une partie de la page jusqu\u2019\u00e0 plusieurs fois sa taille originale.<\/p><h3><strong>Images<\/strong><\/h3><p>Toutes les images sur ce site sont fournies avec des attributs ALT descriptifs.<\/p><h3><strong>Acc\u00e8s \u00e0 notre site<\/strong><\/h3><p>Nous ne garantissons pas que notre site soit toujours disponible, et nous nous r\u00e9servons le droit de retirer ou de suspendre l\u2019acc\u00e8s \u00e0 notre site (qu\u2019il s\u2019agisse de votre acc\u00e8s personnel ou de l\u2019acc\u00e8s en g\u00e9n\u00e9ral) ou de modifier les services que nous offrons sur notre site sans pr\u00e9avis. Nous ne serons pas tenus responsables si l\u2019acc\u00e8s \u00e0 notre site n\u2019est pas disponible \u00e0 un moment donn\u00e9.<\/p><p>Nous nous effor\u00e7ons de mettre \u00e0 jour notre site r\u00e9guli\u00e8rement et sommes susceptibles de modifier son contenu \u00e0 tout moment.<\/p>\t\t\t\t\t\t<\/div>\n\t\t\t\t<\/div>\n\t\t\t\t\t<\/div>\n\t\t<\/div>\n\t\t\t\t\t<\/div>\n\t\t<\/section>\n\t\t\t\t<\/div>\n\t\t","protected":false},"excerpt":{"rendered":"<p>ACCESSIBILIT\u00c9 Explore Swipe to explore ACCESSIBILIT\u00c9 Nous avons con\u00e7u notre site Web pour qu\u2019il soit aussi accessible que possible, conform\u00e9ment aux directives \u00e9tablies par la Web Accessibility Initiative (WAI). Il existe \u00e9galement des fonctions tr\u00e8s simples d\u00e9j\u00e0 int\u00e9gr\u00e9es \u00e0 votre ordinateur vous permettant d\u2019avoir acc\u00e8s plus facilement aux informations que vous recherchez sur notre site. [&hellip;]<\/p>\n","protected":false},"author":1,"featured_media":0,"parent":0,"menu_order":0,"comment_status":"closed","ping_status":"closed","template":"","meta":{"inline_featured_image":false,"footnotes":""},"yoast_head":"<!-- This site is optimized with the Yoast SEO Premium plugin v24.5 (Yoast SEO v24.5) - https:\/\/yoast.com\/wordpress\/plugins\/seo\/ -->\n<title>Consignes d&#039;accessibilit\u00e9 du site Ikos | Ikos Resorts<\/title>\n<meta name=\"description\" content=\"Cette page d\u00e9crit les directives d&#039;accessibilit\u00e9 que nous avons adopt\u00e9es sur le site web d&#039;Ikos Resorts. En savoir plus ici!\" \/>\n<meta name=\"robots\" content=\"index, follow, max-snippet:-1, max-image-preview:large, max-video-preview:-1\" \/>\n<link rel=\"canonical\" href=\"https:\/\/ikosresorts.com\/fr\/accessibility\/\" \/>\n<meta property=\"og:locale\" content=\"fr_FR\" \/>\n<meta property=\"og:type\" content=\"article\" \/>\n<meta property=\"og:title\" content=\"Accessibility\" \/>\n<meta property=\"og:description\" content=\"Cette page d\u00e9crit les directives d&#039;accessibilit\u00e9 que nous avons adopt\u00e9es sur le site web d&#039;Ikos Resorts. En savoir plus ici!\" \/>\n<meta property=\"og:url\" content=\"https:\/\/ikosresorts.com\/fr\/accessibility\/\" \/>\n<meta property=\"og:site_name\" content=\"Ikos Resorts\" \/>\n<meta property=\"article:modified_time\" content=\"2024-08-07T09:30:25+00:00\" \/>\n<meta property=\"og:image\" content=\"https:\/\/ikosresorts.com\/wp-content\/uploads\/2022\/10\/arrow-down.png\" \/>\n<meta name=\"twitter:card\" content=\"summary_large_image\" \/>\n<meta name=\"twitter:label1\" content=\"Est. reading time\" \/>\n\t<meta name=\"twitter:data1\" content=\"2 minutes\" \/>\n<script type=\"application\/ld+json\" class=\"yoast-schema-graph\">{\"@context\":\"https:\/\/schema.org\",\"@graph\":[{\"@type\":\"WebPage\",\"@id\":\"https:\/\/ikosresorts.com\/fr\/accessibility\/\",\"url\":\"https:\/\/ikosresorts.com\/fr\/accessibility\/\",\"name\":\"Consignes d'accessibilit\u00e9 du site Ikos | Ikos Resorts\",\"isPartOf\":{\"@id\":\"https:\/\/ikosresorts.com\/fr\/#website\"},\"primaryImageOfPage\":{\"@id\":\"https:\/\/ikosresorts.com\/fr\/accessibility\/#primaryimage\"},\"image\":{\"@id\":\"https:\/\/ikosresorts.com\/fr\/accessibility\/#primaryimage\"},\"thumbnailUrl\":\"https:\/\/ikosresorts.com\/wp-content\/uploads\/2022\/10\/arrow-down.png\",\"datePublished\":\"2022-08-08T15:32:12+00:00\",\"dateModified\":\"2024-08-07T09:30:25+00:00\",\"description\":\"Cette page d\u00e9crit les directives d'accessibilit\u00e9 que nous avons adopt\u00e9es sur le site web d'Ikos Resorts. En savoir plus ici!\",\"breadcrumb\":{\"@id\":\"https:\/\/ikosresorts.com\/fr\/accessibility\/#breadcrumb\"},\"inLanguage\":\"fr\",\"potentialAction\":[{\"@type\":\"ReadAction\",\"target\":[\"https:\/\/ikosresorts.com\/fr\/accessibility\/\"]}]},{\"@type\":\"ImageObject\",\"inLanguage\":\"fr\",\"@id\":\"https:\/\/ikosresorts.com\/fr\/accessibility\/#primaryimage\",\"url\":\"https:\/\/ikosresorts.com\/wp-content\/uploads\/2022\/10\/arrow-down.png\",\"contentUrl\":\"https:\/\/ikosresorts.com\/wp-content\/uploads\/2022\/10\/arrow-down.png\"},{\"@type\":\"BreadcrumbList\",\"@id\":\"https:\/\/ikosresorts.com\/fr\/accessibility\/#breadcrumb\",\"itemListElement\":[{\"@type\":\"ListItem\",\"position\":1,\"name\":\"Home\",\"item\":\"https:\/\/ikosresorts.com\/\"},{\"@type\":\"ListItem\",\"position\":2,\"name\":\"Accessibility\"}]},{\"@type\":\"WebSite\",\"@id\":\"https:\/\/ikosresorts.com\/fr\/#website\",\"url\":\"https:\/\/ikosresorts.com\/fr\/\",\"name\":\"Ikos Resorts\",\"description\":\"Live The Ikos Way\",\"publisher\":{\"@id\":\"https:\/\/ikosresorts.com\/fr\/#organization\"},\"potentialAction\":[{\"@type\":\"SearchAction\",\"target\":{\"@type\":\"EntryPoint\",\"urlTemplate\":\"https:\/\/ikosresorts.com\/fr\/?s={search_term_string}\"},\"query-input\":{\"@type\":\"PropertyValueSpecification\",\"valueRequired\":true,\"valueName\":\"search_term_string\"}}],\"inLanguage\":\"fr\"},{\"@type\":\"Organization\",\"@id\":\"https:\/\/ikosresorts.com\/fr\/#organization\",\"name\":\"Ikos Resorts\",\"url\":\"https:\/\/ikosresorts.com\/fr\/\",\"logo\":{\"@type\":\"ImageObject\",\"inLanguage\":\"fr\",\"@id\":\"https:\/\/ikosresorts.com\/fr\/#\/schema\/logo\/image\/\",\"url\":\"https:\/\/ikosresorts.com\/wp-content\/uploads\/2023\/01\/Logo_Ikos_White.svg\",\"contentUrl\":\"https:\/\/ikosresorts.com\/wp-content\/uploads\/2023\/01\/Logo_Ikos_White.svg\",\"width\":100,\"height\":61,\"caption\":\"Ikos Resorts\"},\"image\":{\"@id\":\"https:\/\/ikosresorts.com\/fr\/#\/schema\/logo\/image\/\"}}]}<\/script>\n<!-- \/ Yoast SEO Premium plugin. -->","yoast_head_json":{"title":"Consignes d'accessibilit\u00e9 du site Ikos | Ikos Resorts","description":"Cette page d\u00e9crit les directives d'accessibilit\u00e9 que nous avons adopt\u00e9es sur le site web d'Ikos Resorts. En savoir plus ici!","robots":{"index":"index","follow":"follow","max-snippet":"max-snippet:-1","max-image-preview":"max-image-preview:large","max-video-preview":"max-video-preview:-1"},"canonical":"https:\/\/ikosresorts.com\/fr\/accessibility\/","og_locale":"fr_FR","og_type":"article","og_title":"Accessibility","og_description":"Cette page d\u00e9crit les directives d'accessibilit\u00e9 que nous avons adopt\u00e9es sur le site web d'Ikos Resorts. En savoir plus ici!","og_url":"https:\/\/ikosresorts.com\/fr\/accessibility\/","og_site_name":"Ikos Resorts","article_modified_time":"2024-08-07T09:30:25+00:00","og_image":[{"url":"https:\/\/ikosresorts.com\/wp-content\/uploads\/2022\/10\/arrow-down.png","type":"","width":"","height":""}],"twitter_card":"summary_large_image","twitter_misc":{"Est. reading time":"2 minutes"},"schema":{"@context":"https:\/\/schema.org","@graph":[{"@type":"WebPage","@id":"https:\/\/ikosresorts.com\/fr\/accessibility\/","url":"https:\/\/ikosresorts.com\/fr\/accessibility\/","name":"Consignes d'accessibilit\u00e9 du site Ikos | Ikos Resorts","isPartOf":{"@id":"https:\/\/ikosresorts.com\/fr\/#website"},"primaryImageOfPage":{"@id":"https:\/\/ikosresorts.com\/fr\/accessibility\/#primaryimage"},"image":{"@id":"https:\/\/ikosresorts.com\/fr\/accessibility\/#primaryimage"},"thumbnailUrl":"https:\/\/ikosresorts.com\/wp-content\/uploads\/2022\/10\/arrow-down.png","datePublished":"2022-08-08T15:32:12+00:00","dateModified":"2024-08-07T09:30:25+00:00","description":"Cette page d\u00e9crit les directives d'accessibilit\u00e9 que nous avons adopt\u00e9es sur le site web d'Ikos Resorts. En savoir plus ici!","breadcrumb":{"@id":"https:\/\/ikosresorts.com\/fr\/accessibility\/#breadcrumb"},"inLanguage":"fr","potentialAction":[{"@type":"ReadAction","target":["https:\/\/ikosresorts.com\/fr\/accessibility\/"]}]},{"@type":"ImageObject","inLanguage":"fr","@id":"https:\/\/ikosresorts.com\/fr\/accessibility\/#primaryimage","url":"https:\/\/ikosresorts.com\/wp-content\/uploads\/2022\/10\/arrow-down.png","contentUrl":"https:\/\/ikosresorts.com\/wp-content\/uploads\/2022\/10\/arrow-down.png"},{"@type":"BreadcrumbList","@id":"https:\/\/ikosresorts.com\/fr\/accessibility\/#breadcrumb","itemListElement":[{"@type":"ListItem","position":1,"name":"Home","item":"https:\/\/ikosresorts.com\/"},{"@type":"ListItem","position":2,"name":"Accessibility"}]},{"@type":"WebSite","@id":"https:\/\/ikosresorts.com\/fr\/#website","url":"https:\/\/ikosresorts.com\/fr\/","name":"Ikos Resorts","description":"Live The Ikos Way","publisher":{"@id":"https:\/\/ikosresorts.com\/fr\/#organization"},"potentialAction":[{"@type":"SearchAction","target":{"@type":"EntryPoint","urlTemplate":"https:\/\/ikosresorts.com\/fr\/?s={search_term_string}"},"query-input":{"@type":"PropertyValueSpecification","valueRequired":true,"valueName":"search_term_string"}}],"inLanguage":"fr"},{"@type":"Organization","@id":"https:\/\/ikosresorts.com\/fr\/#organization","name":"Ikos Resorts","url":"https:\/\/ikosresorts.com\/fr\/","logo":{"@type":"ImageObject","inLanguage":"fr","@id":"https:\/\/ikosresorts.com\/fr\/#\/schema\/logo\/image\/","url":"https:\/\/ikosresorts.com\/wp-content\/uploads\/2023\/01\/Logo_Ikos_White.svg","contentUrl":"https:\/\/ikosresorts.com\/wp-content\/uploads\/2023\/01\/Logo_Ikos_White.svg","width":100,"height":61,"caption":"Ikos Resorts"},"image":{"@id":"https:\/\/ikosresorts.com\/fr\/#\/schema\/logo\/image\/"}}]}},"_links":{"self":[{"href":"https:\/\/ikosresorts.com\/fr\/wp-json\/wp\/v2\/pages\/61502"}],"collection":[{"href":"https:\/\/ikosresorts.com\/fr\/wp-json\/wp\/v2\/pages"}],"about":[{"href":"https:\/\/ikosresorts.com\/fr\/wp-json\/wp\/v2\/types\/page"}],"author":[{"embeddable":true,"href":"https:\/\/ikosresorts.com\/fr\/wp-json\/wp\/v2\/users\/1"}],"replies":[{"embeddable":true,"href":"https:\/\/ikosresorts.com\/fr\/wp-json\/wp\/v2\/comments?post=61502"}],"version-history":[{"count":10,"href":"https:\/\/ikosresorts.com\/fr\/wp-json\/wp\/v2\/pages\/61502\/revisions"}],"predecessor-version":[{"id":122864,"href":"https:\/\/ikosresorts.com\/fr\/wp-json\/wp\/v2\/pages\/61502\/revisions\/122864"}],"wp:attachment":[{"href":"https:\/\/ikosresorts.com\/fr\/wp-json\/wp\/v2\/media?parent=61502"}],"curies":[{"name":"wp","href":"https:\/\/api.w.org\/{rel}","templated":true}]}}