{"id":61521,"date":"2022-08-08T15:30:06","date_gmt":"2022-08-08T15:30:06","guid":{"rendered":"https:\/\/ikosresorts.com\/?page_id=61521"},"modified":"2026-01-19T08:48:29","modified_gmt":"2026-01-19T08:48:29","slug":"contact","status":"publish","type":"page","link":"https:\/\/ikosresorts.com\/es\/contact\/","title":{"rendered":"Contact"},"content":{"rendered":"\t\t<div data-elementor-type=\"wp-page\" data-elementor-id=\"61521\" class=\"elementor elementor-61521 elementor-26\" data-elementor-post-type=\"page\">\n\t\t\t\t\t\t<section class=\"elementor-section elementor-top-section elementor-element elementor-element-754c218d elementor-section-full_width elementor-section-height-min-height hero-single elementor-section-height-default elementor-section-items-middle\" data-id=\"754c218d\" data-element_type=\"section\" data-settings=\"{&quot;background_background&quot;:&quot;slideshow&quot;,&quot;background_slideshow_gallery&quot;:[{&quot;id&quot;:58257,&quot;url&quot;:&quot;https:\\\/\\\/ikosresorts.com\\\/wp-content\\\/uploads\\\/2022\\\/12\\\/Ikos_Gastronomy22-1057_2880x1920-1-scaled.jpg&quot;}],&quot;background_slideshow_slide_transition&quot;:&quot;fade&quot;}\">\n\t\t\t\t\t\t\t<div class=\"elementor-background-overlay\"><\/div>\n\t\t\t\t\t\t\t<div class=\"elementor-container elementor-column-gap-default\">\n\t\t\t\t\t<div class=\"elementor-column elementor-col-100 elementor-top-column elementor-element elementor-element-3ed51898 hero-column\" data-id=\"3ed51898\" data-element_type=\"column\">\n\t\t\t<div class=\"elementor-widget-wrap elementor-element-populated\">\n\t\t\t\t\t\t<section class=\"elementor-section elementor-inner-section elementor-element elementor-element-448f014f elementor-section-full_width hero-group-titles elementor-section-height-default elementor-section-height-default\" data-id=\"448f014f\" data-element_type=\"section\">\n\t\t\t\t\t\t<div class=\"elementor-container elementor-column-gap-no\">\n\t\t\t\t\t<div class=\"elementor-column elementor-col-100 elementor-inner-column elementor-element elementor-element-51fb4c8c\" data-id=\"51fb4c8c\" data-element_type=\"column\">\n\t\t\t<div class=\"elementor-widget-wrap elementor-element-populated\">\n\t\t\t\t\t\t<div class=\"elementor-element elementor-element-77425761 hero2-title elementor-widget elementor-widget-heading\" data-id=\"77425761\" data-element_type=\"widget\" data-widget_type=\"heading.default\">\n\t\t\t\t<div class=\"elementor-widget-container\">\n\t\t\t<style>\/*! elementor - v3.21.0 - 26-05-2024 *\/\n.elementor-heading-title{padding:0;margin:0;line-height:1}.elementor-widget-heading .elementor-heading-title[class*=elementor-size-]>a{color:inherit;font-size:inherit;line-height:inherit}.elementor-widget-heading .elementor-heading-title.elementor-size-small{font-size:15px}.elementor-widget-heading .elementor-heading-title.elementor-size-medium{font-size:19px}.elementor-widget-heading .elementor-heading-title.elementor-size-large{font-size:29px}.elementor-widget-heading .elementor-heading-title.elementor-size-xl{font-size:39px}.elementor-widget-heading .elementor-heading-title.elementor-size-xxl{font-size:59px}<\/style><h1 class=\"elementor-heading-title elementor-size-default\">Contacto<\/h1>\t\t<\/div>\n\t\t\t\t<\/div>\n\t\t\t\t\t<\/div>\n\t\t<\/div>\n\t\t\t\t\t<\/div>\n\t\t<\/section>\n\t\t\t\t<section class=\"elementor-section elementor-inner-section elementor-element elementor-element-5f061d04 hero-explore-desktop elementor-section-height-min-height elementor-hidden-mobile elementor-section-boxed elementor-section-height-default\" data-id=\"5f061d04\" data-element_type=\"section\">\n\t\t\t\t\t\t<div class=\"elementor-container elementor-column-gap-default\">\n\t\t\t\t\t<div class=\"elementor-column elementor-col-100 elementor-inner-column elementor-element elementor-element-2b274450 hero-column\" data-id=\"2b274450\" data-element_type=\"column\">\n\t\t\t<div class=\"elementor-widget-wrap elementor-element-populated\">\n\t\t\t\t\t\t<div class=\"elementor-element elementor-element-69a7ddf0 elementor-widget elementor-widget-heading\" data-id=\"69a7ddf0\" data-element_type=\"widget\" data-widget_type=\"heading.default\">\n\t\t\t\t<div class=\"elementor-widget-container\">\n\t\t\t<h2 class=\"elementor-heading-title elementor-size-default\">Explore<\/h2>\t\t<\/div>\n\t\t\t\t<\/div>\n\t\t\t\t<div class=\"elementor-element elementor-element-7034af25 elementor-widget elementor-widget-image\" data-id=\"7034af25\" data-element_type=\"widget\" data-widget_type=\"image.default\">\n\t\t\t\t<div class=\"elementor-widget-container\">\n\t\t\t<style>\/*! elementor - v3.21.0 - 26-05-2024 *\/\n.elementor-widget-image{text-align:center}.elementor-widget-image a{display:inline-block}.elementor-widget-image a img[src$=\".svg\"]{width:48px}.elementor-widget-image img{vertical-align:middle;display:inline-block}<\/style>\t\t\t\t\t\t\t\t\t\t<img decoding=\"async\" width=\"26\" height=\"30\" src=\"https:\/\/ikosresorts.com\/wp-content\/uploads\/2022\/10\/arrow-down.png\" class=\"attachment-large size-large wp-image-9213\" alt=\"arrow-down\" \/>\t\t\t\t\t\t\t\t\t\t\t\t\t<\/div>\n\t\t\t\t<\/div>\n\t\t\t\t\t<\/div>\n\t\t<\/div>\n\t\t\t\t\t<\/div>\n\t\t<\/section>\n\t\t\t\t<section class=\"elementor-section elementor-inner-section elementor-element elementor-element-313cee2 hero-explore-mobile elementor-section-height-min-height elementor-hidden-desktop elementor-hidden-tablet elementor-section-boxed elementor-section-height-default\" data-id=\"313cee2\" data-element_type=\"section\">\n\t\t\t\t\t\t<div class=\"elementor-container elementor-column-gap-default\">\n\t\t\t\t\t<div class=\"elementor-column elementor-col-100 elementor-inner-column elementor-element elementor-element-59f5af1 hero-column\" data-id=\"59f5af1\" data-element_type=\"column\">\n\t\t\t<div class=\"elementor-widget-wrap elementor-element-populated\">\n\t\t\t\t\t\t<div class=\"elementor-element elementor-element-6c9806cf elementor-widget__width-auto elementor-widget elementor-widget-image\" data-id=\"6c9806cf\" data-element_type=\"widget\" data-widget_type=\"image.default\">\n\t\t\t\t<div class=\"elementor-widget-container\">\n\t\t\t\t\t\t\t\t\t\t\t\t\t<img decoding=\"async\" width=\"26\" height=\"30\" src=\"https:\/\/ikosresorts.com\/wp-content\/uploads\/2022\/10\/arrow-down.png\" class=\"attachment-large size-large wp-image-9213\" alt=\"arrow-down\" \/>\t\t\t\t\t\t\t\t\t\t\t\t\t<\/div>\n\t\t\t\t<\/div>\n\t\t\t\t<div class=\"elementor-element elementor-element-39a75d5d elementor-widget__width-auto elementor-widget elementor-widget-heading\" data-id=\"39a75d5d\" data-element_type=\"widget\" data-widget_type=\"heading.default\">\n\t\t\t\t<div class=\"elementor-widget-container\">\n\t\t\t<h2 class=\"elementor-heading-title elementor-size-default\">Swipe to explore<\/h2>\t\t<\/div>\n\t\t\t\t<\/div>\n\t\t\t\t\t<\/div>\n\t\t<\/div>\n\t\t\t\t\t<\/div>\n\t\t<\/section>\n\t\t\t\t\t<\/div>\n\t\t<\/div>\n\t\t\t\t\t<\/div>\n\t\t<\/section>\n\t\t\t\t<section class=\"elementor-section elementor-top-section elementor-element elementor-element-1fe5a6b1 ikos-rich-text elementor-section-boxed elementor-section-height-default elementor-section-height-default\" data-id=\"1fe5a6b1\" data-element_type=\"section\" data-settings=\"{&quot;background_background&quot;:&quot;classic&quot;}\">\n\t\t\t\t\t\t<div class=\"elementor-container elementor-column-gap-default\">\n\t\t\t\t\t<div class=\"elementor-column elementor-col-100 elementor-top-column elementor-element elementor-element-4bd5c66c\" data-id=\"4bd5c66c\" data-element_type=\"column\">\n\t\t\t<div class=\"elementor-widget-wrap elementor-element-populated\">\n\t\t\t\t\t\t<div class=\"elementor-element elementor-element-4f5fb2bf elementor-widget elementor-widget-heading\" data-id=\"4f5fb2bf\" data-element_type=\"widget\" data-widget_type=\"heading.default\">\n\t\t\t\t<div class=\"elementor-widget-container\">\n\t\t\t<h2 class=\"elementor-heading-title elementor-size-default\">Contacto Informaci\u00f3n<\/h2>\t\t<\/div>\n\t\t\t\t<\/div>\n\t\t\t\t<div class=\"elementor-element elementor-element-49abfedc elementor-widget elementor-widget-text-editor\" data-id=\"49abfedc\" data-element_type=\"widget\" data-widget_type=\"text-editor.default\">\n\t\t\t\t<div class=\"elementor-widget-container\">\n\t\t\t<style>\/*! elementor - v3.21.0 - 26-05-2024 *\/\n.elementor-widget-text-editor.elementor-drop-cap-view-stacked .elementor-drop-cap{background-color:#69727d;color:#fff}.elementor-widget-text-editor.elementor-drop-cap-view-framed .elementor-drop-cap{color:#69727d;border:3px solid;background-color:transparent}.elementor-widget-text-editor:not(.elementor-drop-cap-view-default) .elementor-drop-cap{margin-top:8px}.elementor-widget-text-editor:not(.elementor-drop-cap-view-default) .elementor-drop-cap-letter{width:1em;height:1em}.elementor-widget-text-editor .elementor-drop-cap{float:left;text-align:center;line-height:1;font-size:50px}.elementor-widget-text-editor .elementor-drop-cap-letter{display:inline-block}<\/style>\t\t\t\t<p>Puedes contactar con nosotros en la siguiente direcci\u00f3n y datos de contacto<br \/><strong>DEPARTAMENTO CENTRAL DE RESERVAS<\/strong><\/p><p>Reservas<br \/>Solicitudes de reserva<br \/>Tel: +30 23741 10750<br \/>Correo electr\u00f3nico: <strong>reservations.ikos@ikosresorts.com<\/strong><br \/>Agentes B2B<br \/>Tel: +30 23741 10788<br \/>Correo electr\u00f3nico: <strong>reservations@ikosresorts.com<\/strong><\/p><p><strong>Horario<\/strong><\/p><p>Temporada de verano (abril \u2013 octubre):<br \/>Solicitudes de reserva + Informaci\u00f3n general: 08:00\u201320:00 \u2013 De lunes a domingo<br \/>Solicitudes de reserva: 20:00\u201324:00 \u2013 De lunes a viernes<\/p><p>Temporada de invierno (noviembre \u2013 marzo):<br \/>Solicitudes de reserva + Informaci\u00f3n general: 09:00\u201320:00 \u2013 De lunes a domingo<br \/>Solicitudes de reserva: 20:00\u201324:00 \u2013 De lunes a viernes<br \/>Festivos (25\/12, 01\/01, etc.): 11:00 \u2013 19:00<\/p><p>Directora de reservas<\/p><p>Sra. Dimitra Ganiari<\/p><p>Correo electr\u00f3nico: <strong>dganiari@ikosresorts.com<\/strong><\/p><p>Manager de reservas central<\/p><p>Sra. Anastasia Gourgoula<\/p><p>Correo electr\u00f3nico: <strong>agourgoula@Ikosresorts.com<\/strong><\/p><p>Asesores personales de vacaciones<\/p><p>Ms. Elissavet Arvaniti<br \/>Mrs. Rena Gkiourka<br \/>Mr. Ivan Fink<br \/>Ms. Tania Chouvarda<br \/>Ms. Maria Mourmoura<br \/>Ms. Antonia Gkiosi<\/p><p>Correo electr\u00f3nico: <strong>reservations.ikos@ikosresorts.com<\/strong><\/p><p>Ikos Resorts<\/p><p>Ikos Oceania: +30 23730 95100<\/p><p>Ikos Olivia: +30 23714 40000<\/p><p>Ikos Dassia: +30 26614 41600<\/p><p>Ikos Aria: +30 22424 41000<\/p><p>Ikos Andalusia: +34 951029000<\/p><p>Ikos Resorts Oficina Central<br \/>Chalkis 8, Pylaia 57001, Grecia<br \/><sup>(not the P.O. Box in Nea Moudania)<\/sup><br \/>Tel: +30 2314 400812<\/p><p>REINO UNIDO: Llamada gratis al 08081110131<br \/>Correo electr\u00f3nico: <strong>info@ikosresorts.com<\/strong><\/p><p>Seg\u00fan tus necesidades, no dudes en ponerte en contacto directamente con cada uno de nuestros departamentos organizativos.<\/p><p>Solicitudes de reserva de restaurantes<\/p><p>Ikos Andalusia, <strong>restaurant.reservations@ikosiberia.com<\/strong><\/p><p>Ikos Dassia, <strong>idacrr@ikosresorts.com<\/strong><\/p><p>Ikos Olivia, <strong>olsed@ikosresorts.com<\/strong><\/p><p>Ikos Oceania, <strong>ocsed@ikosresorts.com<\/strong><\/p><p>Ikos Aria, <strong>ariased@ikosresorts.com<\/strong><\/p><p>Solicitudes de traslado local al aeropuerto &#8211; Servicios VIP<\/p><p>Tel: +30 23740 99405<\/p><p>e-mail: <strong>vip@ikosresorts.com<\/strong><\/p><p>Ikos Andalusia VIP: <strong><a href=\"mailto:ianvip@ikosresorts.com\">ianvip@ikosresorts.com<\/a><\/strong><\/p><p>Ikos Porto Petro VIP: <strong><a href=\"mailto:ippvip@ikosresorts.com\">ippvip@ikosresorts.com<\/a><\/strong><\/p><p>For General Inquiries &amp; Feedback e-mail:<br \/><strong><a href=\"mailto:guestexperience@saniikos.com\">guestexperience@saniikos.com<\/a><\/strong><\/p><p>Ventas y marketing<br \/>Para consultas espec\u00edficas, contactar con<br \/>Tel: +30 2373 095 313 | Fax: +30 2373 095 109<br \/>Correo electr\u00f3nico: <strong>info@ikosresorts.com<\/strong><\/p><p>Director Jefe de Ventas: Sr. Antonis Avdel\u00e1s<\/p><p><strong>Departamento de ventas<\/strong><\/p><p>Director Senior de Ventas: Sr. Giannis Lemonas<br \/>Manager Senior de Ventas y Marketing Europa del Este: Sra. Tatiana Avramova<br \/>Ejecutiva de ventas Europa del Este: Sra. Svetlana Bikbaeva<br \/>Manager Senior de Ventas y Marketing Alemania Austria Suiza: Sra. Christina Metentzi<br \/>Senior Manager de comercio electr\u00f3nico: Sra. Sofia Papadopoulou<\/p>\t\t\t\t\t\t<\/div>\n\t\t\t\t<\/div>\n\t\t\t\t\t<\/div>\n\t\t<\/div>\n\t\t\t\t\t<\/div>\n\t\t<\/section>\n\t\t\t\t<section class=\"elementor-section elementor-top-section elementor-element elementor-element-6acb0815 ikos-rich-text elementor-section-boxed elementor-section-height-default elementor-section-height-default\" data-id=\"6acb0815\" data-element_type=\"section\" data-settings=\"{&quot;background_background&quot;:&quot;classic&quot;}\">\n\t\t\t\t\t\t<div class=\"elementor-container elementor-column-gap-default\">\n\t\t\t\t\t<div class=\"elementor-column elementor-col-100 elementor-top-column elementor-element elementor-element-5800de56\" data-id=\"5800de56\" data-element_type=\"column\">\n\t\t\t<div class=\"elementor-widget-wrap elementor-element-populated\">\n\t\t\t\t\t\t<div class=\"elementor-element elementor-element-46772f5b elementor-widget elementor-widget-text-editor\" data-id=\"46772f5b\" data-element_type=\"widget\" data-widget_type=\"text-editor.default\">\n\t\t\t\t<div class=\"elementor-widget-container\">\n\t\t\t\t\t\t\t<p><strong>Departamento de Marketing<\/strong><\/p><p>Chief Marketing Officer<br \/><strong>Mr. George Hughes<\/strong><\/p><div>\u00a0<\/div><p>Director de Marketing y Comunicaciones: Sr. Fanis Krommidas<\/p><p>Rusia<br \/>Mosc\u00fa<\/p><p>Tel.: +7 (495) 7750043<\/p><p><strong>moscow@ikosresorts.com<\/strong><\/p><p>Ucrania<br \/>Kiev<\/p><p>Tel.: +38 (044) 3383430<\/p><p>Sra. Elena Semchuk \u2013 <strong>kiev@ikosresorts.com<\/strong><\/p><p>Relaciones p\u00fablicas<\/p><p>Relaciones p\u00fablicas en Reino Unido: Edelman London<br \/>Francis House, 11 Francis Street<br \/>London, SW1P 1DE<br \/>+44 (0) 20 3047 2000<br \/><strong><a href=\"mailto:SaniIkos@edelman.com\">SaniIkos@edelman.com<\/a><\/strong><\/p><p>Relaciones P\u00fablicas en Alemania \/ Austria \/ Suiza: Wilde &amp; Partner Public Relations GmbH<br \/>Franziskanerstra\u00dfe 14, 81669 M\u00fcnchen<br \/>ikos@wilde.de<br \/>Tel.: +49 (0)89 \u2013 17 91 90 0<\/p><p>Relaciones p\u00fablicas en Benelux<br \/>INTO THE SAILS Travel Marketing, PR &amp; Trade Services<br \/>E: <strong>liesbeth.balthazar@intothesails.com<\/strong><br \/>Tel: +32 497 74 89 86<\/p>\t\t\t\t\t\t<\/div>\n\t\t\t\t<\/div>\n\t\t\t\t\t<\/div>\n\t\t<\/div>\n\t\t\t\t\t<\/div>\n\t\t<\/section>\n\t\t\t\t<\/div>\n\t\t","protected":false},"excerpt":{"rendered":"<p>Contacto Explore Swipe to explore Contacto Informaci\u00f3n Puedes contactar con nosotros en la siguiente direcci\u00f3n y datos de contactoDEPARTAMENTO CENTRAL DE RESERVAS ReservasSolicitudes de reservaTel: +30 23741 10750Correo electr\u00f3nico: reservations.ikos@ikosresorts.comAgentes B2BTel: +30 23741 10788Correo electr\u00f3nico: reservations@ikosresorts.com Horario Temporada de verano (abril \u2013 octubre):Solicitudes de reserva + Informaci\u00f3n general: 08:00\u201320:00 \u2013 De lunes a domingoSolicitudes de [&hellip;]<\/p>\n","protected":false},"author":1,"featured_media":0,"parent":0,"menu_order":0,"comment_status":"closed","ping_status":"closed","template":"","meta":{"inline_featured_image":false,"footnotes":""},"yoast_head":"<!-- This site is optimized with the Yoast SEO Premium plugin v24.5 (Yoast SEO v24.5) - https:\/\/yoast.com\/wordpress\/plugins\/seo\/ -->\n<title>Contact - Ikos Resorts<\/title>\n<meta name=\"description\" content=\"Contacto Informaci\u00f3n\" \/>\n<meta name=\"robots\" content=\"index, follow, max-snippet:-1, max-image-preview:large, max-video-preview:-1\" \/>\n<link rel=\"canonical\" href=\"https:\/\/ikosresorts.com\/es\/contact\/\" \/>\n<meta property=\"og:locale\" content=\"es_ES\" \/>\n<meta property=\"og:type\" content=\"article\" \/>\n<meta property=\"og:title\" content=\"Contact\" \/>\n<meta property=\"og:description\" content=\"Contacto Informaci\u00f3n\" \/>\n<meta property=\"og:url\" content=\"https:\/\/ikosresorts.com\/es\/contact\/\" \/>\n<meta property=\"og:site_name\" content=\"Ikos Resorts\" \/>\n<meta property=\"article:modified_time\" content=\"2026-01-19T08:48:29+00:00\" \/>\n<meta property=\"og:image\" content=\"https:\/\/ikosresorts.com\/wp-content\/uploads\/2022\/10\/arrow-down.png\" \/>\n\t<meta property=\"og:image:width\" content=\"26\" \/>\n\t<meta property=\"og:image:height\" content=\"30\" \/>\n\t<meta property=\"og:image:type\" content=\"image\/png\" \/>\n<meta name=\"twitter:card\" content=\"summary_large_image\" \/>\n<meta name=\"twitter:label1\" content=\"Est. reading time\" \/>\n\t<meta name=\"twitter:data1\" content=\"3 minutes\" \/>\n<script type=\"application\/ld+json\" class=\"yoast-schema-graph\">{\"@context\":\"https:\/\/schema.org\",\"@graph\":[{\"@type\":\"WebPage\",\"@id\":\"https:\/\/ikosresorts.com\/es\/contact\/\",\"url\":\"https:\/\/ikosresorts.com\/es\/contact\/\",\"name\":\"Contact - Ikos Resorts\",\"isPartOf\":{\"@id\":\"https:\/\/ikosresorts.com\/es\/#website\"},\"primaryImageOfPage\":{\"@id\":\"https:\/\/ikosresorts.com\/es\/contact\/#primaryimage\"},\"image\":{\"@id\":\"https:\/\/ikosresorts.com\/es\/contact\/#primaryimage\"},\"thumbnailUrl\":\"https:\/\/ikosresorts.com\/wp-content\/uploads\/2022\/10\/arrow-down.png\",\"datePublished\":\"2022-08-08T15:30:06+00:00\",\"dateModified\":\"2026-01-19T08:48:29+00:00\",\"description\":\"Contacto Informaci\u00f3n\",\"breadcrumb\":{\"@id\":\"https:\/\/ikosresorts.com\/es\/contact\/#breadcrumb\"},\"inLanguage\":\"es\",\"potentialAction\":[{\"@type\":\"ReadAction\",\"target\":[\"https:\/\/ikosresorts.com\/es\/contact\/\"]}]},{\"@type\":\"ImageObject\",\"inLanguage\":\"es\",\"@id\":\"https:\/\/ikosresorts.com\/es\/contact\/#primaryimage\",\"url\":\"https:\/\/ikosresorts.com\/wp-content\/uploads\/2022\/10\/arrow-down.png\",\"contentUrl\":\"https:\/\/ikosresorts.com\/wp-content\/uploads\/2022\/10\/arrow-down.png\"},{\"@type\":\"BreadcrumbList\",\"@id\":\"https:\/\/ikosresorts.com\/es\/contact\/#breadcrumb\",\"itemListElement\":[{\"@type\":\"ListItem\",\"position\":1,\"name\":\"Home\",\"item\":\"https:\/\/ikosresorts.com\/\"},{\"@type\":\"ListItem\",\"position\":2,\"name\":\"Contact\"}]},{\"@type\":\"WebSite\",\"@id\":\"https:\/\/ikosresorts.com\/es\/#website\",\"url\":\"https:\/\/ikosresorts.com\/es\/\",\"name\":\"Ikos Resorts\",\"description\":\"Live The Ikos Way\",\"publisher\":{\"@id\":\"https:\/\/ikosresorts.com\/es\/#organization\"},\"potentialAction\":[{\"@type\":\"SearchAction\",\"target\":{\"@type\":\"EntryPoint\",\"urlTemplate\":\"https:\/\/ikosresorts.com\/es\/?s={search_term_string}\"},\"query-input\":{\"@type\":\"PropertyValueSpecification\",\"valueRequired\":true,\"valueName\":\"search_term_string\"}}],\"inLanguage\":\"es\"},{\"@type\":\"Organization\",\"@id\":\"https:\/\/ikosresorts.com\/es\/#organization\",\"name\":\"Ikos Resorts\",\"url\":\"https:\/\/ikosresorts.com\/es\/\",\"logo\":{\"@type\":\"ImageObject\",\"inLanguage\":\"es\",\"@id\":\"https:\/\/ikosresorts.com\/es\/#\/schema\/logo\/image\/\",\"url\":\"https:\/\/ikosresorts.com\/wp-content\/uploads\/2023\/01\/Logo_Ikos_White.svg\",\"contentUrl\":\"https:\/\/ikosresorts.com\/wp-content\/uploads\/2023\/01\/Logo_Ikos_White.svg\",\"width\":100,\"height\":61,\"caption\":\"Ikos Resorts\"},\"image\":{\"@id\":\"https:\/\/ikosresorts.com\/es\/#\/schema\/logo\/image\/\"}}]}<\/script>\n<!-- \/ Yoast SEO Premium plugin. -->","yoast_head_json":{"title":"Contact - Ikos Resorts","description":"Contacto Informaci\u00f3n","robots":{"index":"index","follow":"follow","max-snippet":"max-snippet:-1","max-image-preview":"max-image-preview:large","max-video-preview":"max-video-preview:-1"},"canonical":"https:\/\/ikosresorts.com\/es\/contact\/","og_locale":"es_ES","og_type":"article","og_title":"Contact","og_description":"Contacto Informaci\u00f3n","og_url":"https:\/\/ikosresorts.com\/es\/contact\/","og_site_name":"Ikos Resorts","article_modified_time":"2026-01-19T08:48:29+00:00","og_image":[{"width":26,"height":30,"url":"https:\/\/ikosresorts.com\/wp-content\/uploads\/2022\/10\/arrow-down.png","type":"image\/png"}],"twitter_card":"summary_large_image","twitter_misc":{"Est. reading time":"3 minutes"},"schema":{"@context":"https:\/\/schema.org","@graph":[{"@type":"WebPage","@id":"https:\/\/ikosresorts.com\/es\/contact\/","url":"https:\/\/ikosresorts.com\/es\/contact\/","name":"Contact - Ikos Resorts","isPartOf":{"@id":"https:\/\/ikosresorts.com\/es\/#website"},"primaryImageOfPage":{"@id":"https:\/\/ikosresorts.com\/es\/contact\/#primaryimage"},"image":{"@id":"https:\/\/ikosresorts.com\/es\/contact\/#primaryimage"},"thumbnailUrl":"https:\/\/ikosresorts.com\/wp-content\/uploads\/2022\/10\/arrow-down.png","datePublished":"2022-08-08T15:30:06+00:00","dateModified":"2026-01-19T08:48:29+00:00","description":"Contacto Informaci\u00f3n","breadcrumb":{"@id":"https:\/\/ikosresorts.com\/es\/contact\/#breadcrumb"},"inLanguage":"es","potentialAction":[{"@type":"ReadAction","target":["https:\/\/ikosresorts.com\/es\/contact\/"]}]},{"@type":"ImageObject","inLanguage":"es","@id":"https:\/\/ikosresorts.com\/es\/contact\/#primaryimage","url":"https:\/\/ikosresorts.com\/wp-content\/uploads\/2022\/10\/arrow-down.png","contentUrl":"https:\/\/ikosresorts.com\/wp-content\/uploads\/2022\/10\/arrow-down.png"},{"@type":"BreadcrumbList","@id":"https:\/\/ikosresorts.com\/es\/contact\/#breadcrumb","itemListElement":[{"@type":"ListItem","position":1,"name":"Home","item":"https:\/\/ikosresorts.com\/"},{"@type":"ListItem","position":2,"name":"Contact"}]},{"@type":"WebSite","@id":"https:\/\/ikosresorts.com\/es\/#website","url":"https:\/\/ikosresorts.com\/es\/","name":"Ikos Resorts","description":"Live The Ikos Way","publisher":{"@id":"https:\/\/ikosresorts.com\/es\/#organization"},"potentialAction":[{"@type":"SearchAction","target":{"@type":"EntryPoint","urlTemplate":"https:\/\/ikosresorts.com\/es\/?s={search_term_string}"},"query-input":{"@type":"PropertyValueSpecification","valueRequired":true,"valueName":"search_term_string"}}],"inLanguage":"es"},{"@type":"Organization","@id":"https:\/\/ikosresorts.com\/es\/#organization","name":"Ikos Resorts","url":"https:\/\/ikosresorts.com\/es\/","logo":{"@type":"ImageObject","inLanguage":"es","@id":"https:\/\/ikosresorts.com\/es\/#\/schema\/logo\/image\/","url":"https:\/\/ikosresorts.com\/wp-content\/uploads\/2023\/01\/Logo_Ikos_White.svg","contentUrl":"https:\/\/ikosresorts.com\/wp-content\/uploads\/2023\/01\/Logo_Ikos_White.svg","width":100,"height":61,"caption":"Ikos Resorts"},"image":{"@id":"https:\/\/ikosresorts.com\/es\/#\/schema\/logo\/image\/"}}]}},"_links":{"self":[{"href":"https:\/\/ikosresorts.com\/es\/wp-json\/wp\/v2\/pages\/61521"}],"collection":[{"href":"https:\/\/ikosresorts.com\/es\/wp-json\/wp\/v2\/pages"}],"about":[{"href":"https:\/\/ikosresorts.com\/es\/wp-json\/wp\/v2\/types\/page"}],"author":[{"embeddable":true,"href":"https:\/\/ikosresorts.com\/es\/wp-json\/wp\/v2\/users\/1"}],"replies":[{"embeddable":true,"href":"https:\/\/ikosresorts.com\/es\/wp-json\/wp\/v2\/comments?post=61521"}],"version-history":[{"count":15,"href":"https:\/\/ikosresorts.com\/es\/wp-json\/wp\/v2\/pages\/61521\/revisions"}],"predecessor-version":[{"id":164482,"href":"https:\/\/ikosresorts.com\/es\/wp-json\/wp\/v2\/pages\/61521\/revisions\/164482"}],"wp:attachment":[{"href":"https:\/\/ikosresorts.com\/es\/wp-json\/wp\/v2\/media?parent=61521"}],"curies":[{"name":"wp","href":"https:\/\/api.w.org\/{rel}","templated":true}]}}