{"id":61506,"date":"2022-08-08T15:32:12","date_gmt":"2022-08-08T15:32:12","guid":{"rendered":"https:\/\/ikosresorts.com\/?page_id=61506"},"modified":"2025-04-02T14:07:39","modified_gmt":"2025-04-02T14:07:39","slug":"accessibility","status":"publish","type":"page","link":"https:\/\/ikosresorts.com\/es\/accessibility\/","title":{"rendered":"Accessibility"},"content":{"rendered":"\t\t<div data-elementor-type=\"wp-page\" data-elementor-id=\"61506\" class=\"elementor elementor-61506 elementor-38\" data-elementor-post-type=\"page\">\n\t\t\t\t\t\t<section class=\"elementor-section elementor-top-section elementor-element elementor-element-f3ba472 elementor-section-full_width elementor-section-height-min-height hero-single elementor-section-height-default elementor-section-items-middle\" data-id=\"f3ba472\" data-element_type=\"section\" data-settings=\"{&quot;background_background&quot;:&quot;slideshow&quot;,&quot;background_slideshow_gallery&quot;:[{&quot;id&quot;:58205,&quot;url&quot;:&quot;https:\\\/\\\/ikosresorts.com\\\/wp-content\\\/uploads\\\/2022\\\/12\\\/Ikos-Oceania-_-Beach_2801x2100-1-1-1-scaled.jpg&quot;}],&quot;background_slideshow_slide_transition&quot;:&quot;fade&quot;}\">\n\t\t\t\t\t\t\t<div class=\"elementor-background-overlay\"><\/div>\n\t\t\t\t\t\t\t<div class=\"elementor-container elementor-column-gap-default\">\n\t\t\t\t\t<div class=\"elementor-column elementor-col-100 elementor-top-column elementor-element elementor-element-5c7e6584 hero-column\" data-id=\"5c7e6584\" data-element_type=\"column\">\n\t\t\t<div class=\"elementor-widget-wrap elementor-element-populated\">\n\t\t\t\t\t\t<section class=\"elementor-section elementor-inner-section elementor-element elementor-element-730ef0e3 elementor-section-full_width hero-group-titles elementor-section-height-default elementor-section-height-default\" data-id=\"730ef0e3\" data-element_type=\"section\">\n\t\t\t\t\t\t<div class=\"elementor-container elementor-column-gap-no\">\n\t\t\t\t\t<div class=\"elementor-column elementor-col-100 elementor-inner-column elementor-element elementor-element-78ec3dc3\" data-id=\"78ec3dc3\" data-element_type=\"column\">\n\t\t\t<div class=\"elementor-widget-wrap elementor-element-populated\">\n\t\t\t\t\t\t<div class=\"elementor-element elementor-element-9021f27 hero2-title elementor-widget elementor-widget-heading\" data-id=\"9021f27\" data-element_type=\"widget\" data-widget_type=\"heading.default\">\n\t\t\t\t<div class=\"elementor-widget-container\">\n\t\t\t<style>\/*! elementor - v3.21.0 - 26-05-2024 *\/\n.elementor-heading-title{padding:0;margin:0;line-height:1}.elementor-widget-heading .elementor-heading-title[class*=elementor-size-]>a{color:inherit;font-size:inherit;line-height:inherit}.elementor-widget-heading .elementor-heading-title.elementor-size-small{font-size:15px}.elementor-widget-heading .elementor-heading-title.elementor-size-medium{font-size:19px}.elementor-widget-heading .elementor-heading-title.elementor-size-large{font-size:29px}.elementor-widget-heading .elementor-heading-title.elementor-size-xl{font-size:39px}.elementor-widget-heading .elementor-heading-title.elementor-size-xxl{font-size:59px}<\/style><h1 class=\"elementor-heading-title elementor-size-default\">Accessibility<\/h1>\t\t<\/div>\n\t\t\t\t<\/div>\n\t\t\t\t\t<\/div>\n\t\t<\/div>\n\t\t\t\t\t<\/div>\n\t\t<\/section>\n\t\t\t\t<section class=\"elementor-section elementor-inner-section elementor-element elementor-element-363e8aee hero-explore-desktop elementor-section-height-min-height elementor-hidden-mobile elementor-section-boxed elementor-section-height-default\" data-id=\"363e8aee\" data-element_type=\"section\">\n\t\t\t\t\t\t<div class=\"elementor-container elementor-column-gap-default\">\n\t\t\t\t\t<div class=\"elementor-column elementor-col-100 elementor-inner-column elementor-element elementor-element-aa53cb9 hero-column\" data-id=\"aa53cb9\" data-element_type=\"column\">\n\t\t\t<div class=\"elementor-widget-wrap elementor-element-populated\">\n\t\t\t\t\t\t<div class=\"elementor-element elementor-element-69587daa elementor-widget elementor-widget-heading\" data-id=\"69587daa\" data-element_type=\"widget\" data-widget_type=\"heading.default\">\n\t\t\t\t<div class=\"elementor-widget-container\">\n\t\t\t<h2 class=\"elementor-heading-title elementor-size-default\">Explore<\/h2>\t\t<\/div>\n\t\t\t\t<\/div>\n\t\t\t\t<div class=\"elementor-element elementor-element-38357192 elementor-widget elementor-widget-image\" data-id=\"38357192\" data-element_type=\"widget\" data-widget_type=\"image.default\">\n\t\t\t\t<div class=\"elementor-widget-container\">\n\t\t\t<style>\/*! elementor - v3.21.0 - 26-05-2024 *\/\n.elementor-widget-image{text-align:center}.elementor-widget-image a{display:inline-block}.elementor-widget-image a img[src$=\".svg\"]{width:48px}.elementor-widget-image img{vertical-align:middle;display:inline-block}<\/style>\t\t\t\t\t\t\t\t\t\t<img decoding=\"async\" width=\"26\" height=\"30\" src=\"https:\/\/ikosresorts.com\/wp-content\/uploads\/2022\/10\/arrow-down.png\" class=\"attachment-large size-large wp-image-9213\" alt=\"arrow-down\" \/>\t\t\t\t\t\t\t\t\t\t\t\t\t<\/div>\n\t\t\t\t<\/div>\n\t\t\t\t\t<\/div>\n\t\t<\/div>\n\t\t\t\t\t<\/div>\n\t\t<\/section>\n\t\t\t\t<section class=\"elementor-section elementor-inner-section elementor-element elementor-element-27b476d5 hero-explore-mobile elementor-section-height-min-height elementor-hidden-desktop elementor-hidden-tablet elementor-section-boxed elementor-section-height-default\" data-id=\"27b476d5\" data-element_type=\"section\">\n\t\t\t\t\t\t<div class=\"elementor-container elementor-column-gap-default\">\n\t\t\t\t\t<div class=\"elementor-column elementor-col-100 elementor-inner-column elementor-element elementor-element-7394c424 hero-column\" data-id=\"7394c424\" data-element_type=\"column\">\n\t\t\t<div class=\"elementor-widget-wrap elementor-element-populated\">\n\t\t\t\t\t\t<div class=\"elementor-element elementor-element-34fae83b elementor-widget__width-auto elementor-widget elementor-widget-image\" data-id=\"34fae83b\" data-element_type=\"widget\" data-widget_type=\"image.default\">\n\t\t\t\t<div class=\"elementor-widget-container\">\n\t\t\t\t\t\t\t\t\t\t\t\t\t<img decoding=\"async\" width=\"26\" height=\"30\" src=\"https:\/\/ikosresorts.com\/wp-content\/uploads\/2022\/10\/arrow-down.png\" class=\"attachment-large size-large wp-image-9213\" alt=\"arrow-down\" \/>\t\t\t\t\t\t\t\t\t\t\t\t\t<\/div>\n\t\t\t\t<\/div>\n\t\t\t\t<div class=\"elementor-element elementor-element-4d6aad32 elementor-widget__width-auto elementor-widget elementor-widget-heading\" data-id=\"4d6aad32\" data-element_type=\"widget\" data-widget_type=\"heading.default\">\n\t\t\t\t<div class=\"elementor-widget-container\">\n\t\t\t<h2 class=\"elementor-heading-title elementor-size-default\">Swipe to explore<\/h2>\t\t<\/div>\n\t\t\t\t<\/div>\n\t\t\t\t\t<\/div>\n\t\t<\/div>\n\t\t\t\t\t<\/div>\n\t\t<\/section>\n\t\t\t\t\t<\/div>\n\t\t<\/div>\n\t\t\t\t\t<\/div>\n\t\t<\/section>\n\t\t\t\t<section class=\"elementor-section elementor-top-section elementor-element elementor-element-7f37a07 ikos-rich-text elementor-section-boxed elementor-section-height-default elementor-section-height-default\" data-id=\"7f37a07\" data-element_type=\"section\" data-settings=\"{&quot;background_background&quot;:&quot;classic&quot;}\">\n\t\t\t\t\t\t<div class=\"elementor-container elementor-column-gap-default\">\n\t\t\t\t\t<div class=\"elementor-column elementor-col-100 elementor-top-column elementor-element elementor-element-b763748\" data-id=\"b763748\" data-element_type=\"column\">\n\t\t\t<div class=\"elementor-widget-wrap elementor-element-populated\">\n\t\t\t\t\t\t<div class=\"elementor-element elementor-element-4c72f2d8 elementor-widget elementor-widget-heading\" data-id=\"4c72f2d8\" data-element_type=\"widget\" data-widget_type=\"heading.default\">\n\t\t\t\t<div class=\"elementor-widget-container\">\n\t\t\t<h2 class=\"elementor-heading-title elementor-size-default\">Accesibilidad<\/h2>\t\t<\/div>\n\t\t\t\t<\/div>\n\t\t\t\t<div class=\"elementor-element elementor-element-7e6a38 elementor-widget elementor-widget-text-editor\" data-id=\"7e6a38\" data-element_type=\"widget\" data-widget_type=\"text-editor.default\">\n\t\t\t\t<div class=\"elementor-widget-container\">\n\t\t\t<style>\/*! elementor - v3.21.0 - 26-05-2024 *\/\n.elementor-widget-text-editor.elementor-drop-cap-view-stacked .elementor-drop-cap{background-color:#69727d;color:#fff}.elementor-widget-text-editor.elementor-drop-cap-view-framed .elementor-drop-cap{color:#69727d;border:3px solid;background-color:transparent}.elementor-widget-text-editor:not(.elementor-drop-cap-view-default) .elementor-drop-cap{margin-top:8px}.elementor-widget-text-editor:not(.elementor-drop-cap-view-default) .elementor-drop-cap-letter{width:1em;height:1em}.elementor-widget-text-editor .elementor-drop-cap{float:left;text-align:center;line-height:1;font-size:50px}.elementor-widget-text-editor .elementor-drop-cap-letter{display:inline-block}<\/style>\t\t\t\t<p>Hemos dise\u00f1ado nuestra web para que sea lo m\u00e1s accesible posible cumpliendo con las directrices de la Iniciativa de Accesibilidad Web (WAI en ingl\u00e9s).<\/p><p>Tu ordenador ya incluye herramientas sencillas para facilitar la navegaci\u00f3n por nuestra p\u00e1gina. Con algunos ajustes b\u00e1sicos, podr\u00e1s visualizar el contenido de la p\u00e1gina con mayor nitidez.<\/p><p>Los navegadores m\u00e1s comunes, como Internet Explorer o Safari, permiten adaptar el tama\u00f1o y color del texto seg\u00fan tus necesidades. Por otra parte, casi todos los sistemas operativos incorporan una lupa integrada para ampliar las zonas de la p\u00e1gina que quieras examinar con m\u00e1s detalle.<\/p><h3>Im\u00e1genes<\/h3><p>Todas las im\u00e1genes del contenido de esta web incluyen atributos ALT para describirlas.<\/p><h3>Acceso a nuestra web<\/h3><p>No podemos garantizar que nuestra web est\u00e9 siempre disponible. Nos reservamos el derecho tanto de suspender el acceso (ya sea a usuarios concretos o de forma general) como de modificar los servicios ofrecidos sin previo aviso. No asumiremos responsabilidad alguna en caso de que el acceso a nuestro sitio web no est\u00e9 disponible en alg\u00fan momento.<\/p><p>Actualizamos nuestra web con regularidad y podemos realizar cambios en su contenido en cualquier momento.<\/p>\t\t\t\t\t\t<\/div>\n\t\t\t\t<\/div>\n\t\t\t\t\t<\/div>\n\t\t<\/div>\n\t\t\t\t\t<\/div>\n\t\t<\/section>\n\t\t\t\t<\/div>\n\t\t","protected":false},"excerpt":{"rendered":"<p>Accessibility Explore Swipe to explore Accesibilidad Hemos dise\u00f1ado nuestra web para que sea lo m\u00e1s accesible posible cumpliendo con las directrices de la Iniciativa de Accesibilidad Web (WAI en ingl\u00e9s). Tu ordenador ya incluye herramientas sencillas para facilitar la navegaci\u00f3n por nuestra p\u00e1gina. Con algunos ajustes b\u00e1sicos, podr\u00e1s visualizar el contenido de la p\u00e1gina con [&hellip;]<\/p>\n","protected":false},"author":1,"featured_media":0,"parent":0,"menu_order":0,"comment_status":"closed","ping_status":"closed","template":"","meta":{"inline_featured_image":false,"footnotes":""},"yoast_head":"<!-- This site is optimized with the Yoast SEO Premium plugin v24.5 (Yoast SEO v24.5) - https:\/\/yoast.com\/wordpress\/plugins\/seo\/ -->\n<title>Pautas de Accesibilidad del sitio web de Ikos | Ikos Resorts<\/title>\n<meta name=\"description\" content=\"Esta p\u00e1gina describe las pautas de accesibilidad que hemos adoptado en el sitio web de Ikos Resorts. \u00a1Aprende m\u00e1s aqu\u00ed!\" \/>\n<meta name=\"robots\" content=\"index, follow, max-snippet:-1, max-image-preview:large, max-video-preview:-1\" \/>\n<link rel=\"canonical\" href=\"https:\/\/ikosresorts.com\/es\/accessibility\/\" \/>\n<meta property=\"og:locale\" content=\"es_ES\" \/>\n<meta property=\"og:type\" content=\"article\" \/>\n<meta property=\"og:title\" content=\"Accessibility\" \/>\n<meta property=\"og:description\" content=\"Esta p\u00e1gina describe las pautas de accesibilidad que hemos adoptado en el sitio web de Ikos Resorts. \u00a1Aprende m\u00e1s aqu\u00ed!\" \/>\n<meta property=\"og:url\" content=\"https:\/\/ikosresorts.com\/es\/accessibility\/\" \/>\n<meta property=\"og:site_name\" content=\"Ikos Resorts\" \/>\n<meta property=\"article:modified_time\" content=\"2025-04-02T14:07:39+00:00\" \/>\n<meta property=\"og:image\" content=\"https:\/\/ikosresorts.com\/wp-content\/uploads\/2022\/10\/arrow-down.png\" \/>\n\t<meta property=\"og:image:width\" content=\"26\" \/>\n\t<meta property=\"og:image:height\" content=\"30\" \/>\n\t<meta property=\"og:image:type\" content=\"image\/png\" \/>\n<meta name=\"twitter:card\" content=\"summary_large_image\" \/>\n<meta name=\"twitter:label1\" content=\"Est. reading time\" \/>\n\t<meta name=\"twitter:data1\" content=\"2 minutes\" \/>\n<script type=\"application\/ld+json\" class=\"yoast-schema-graph\">{\"@context\":\"https:\/\/schema.org\",\"@graph\":[{\"@type\":\"WebPage\",\"@id\":\"https:\/\/ikosresorts.com\/es\/accessibility\/\",\"url\":\"https:\/\/ikosresorts.com\/es\/accessibility\/\",\"name\":\"Pautas de Accesibilidad del sitio web de Ikos | Ikos Resorts\",\"isPartOf\":{\"@id\":\"https:\/\/ikosresorts.com\/es\/#website\"},\"primaryImageOfPage\":{\"@id\":\"https:\/\/ikosresorts.com\/es\/accessibility\/#primaryimage\"},\"image\":{\"@id\":\"https:\/\/ikosresorts.com\/es\/accessibility\/#primaryimage\"},\"thumbnailUrl\":\"https:\/\/ikosresorts.com\/wp-content\/uploads\/2022\/10\/arrow-down.png\",\"datePublished\":\"2022-08-08T15:32:12+00:00\",\"dateModified\":\"2025-04-02T14:07:39+00:00\",\"description\":\"Esta p\u00e1gina describe las pautas de accesibilidad que hemos adoptado en el sitio web de Ikos Resorts. \u00a1Aprende m\u00e1s aqu\u00ed!\",\"breadcrumb\":{\"@id\":\"https:\/\/ikosresorts.com\/es\/accessibility\/#breadcrumb\"},\"inLanguage\":\"es\",\"potentialAction\":[{\"@type\":\"ReadAction\",\"target\":[\"https:\/\/ikosresorts.com\/es\/accessibility\/\"]}]},{\"@type\":\"ImageObject\",\"inLanguage\":\"es\",\"@id\":\"https:\/\/ikosresorts.com\/es\/accessibility\/#primaryimage\",\"url\":\"https:\/\/ikosresorts.com\/wp-content\/uploads\/2022\/10\/arrow-down.png\",\"contentUrl\":\"https:\/\/ikosresorts.com\/wp-content\/uploads\/2022\/10\/arrow-down.png\"},{\"@type\":\"BreadcrumbList\",\"@id\":\"https:\/\/ikosresorts.com\/es\/accessibility\/#breadcrumb\",\"itemListElement\":[{\"@type\":\"ListItem\",\"position\":1,\"name\":\"Home\",\"item\":\"https:\/\/ikosresorts.com\/\"},{\"@type\":\"ListItem\",\"position\":2,\"name\":\"Accessibility\"}]},{\"@type\":\"WebSite\",\"@id\":\"https:\/\/ikosresorts.com\/es\/#website\",\"url\":\"https:\/\/ikosresorts.com\/es\/\",\"name\":\"Ikos Resorts\",\"description\":\"Live The Ikos Way\",\"publisher\":{\"@id\":\"https:\/\/ikosresorts.com\/es\/#organization\"},\"potentialAction\":[{\"@type\":\"SearchAction\",\"target\":{\"@type\":\"EntryPoint\",\"urlTemplate\":\"https:\/\/ikosresorts.com\/es\/?s={search_term_string}\"},\"query-input\":{\"@type\":\"PropertyValueSpecification\",\"valueRequired\":true,\"valueName\":\"search_term_string\"}}],\"inLanguage\":\"es\"},{\"@type\":\"Organization\",\"@id\":\"https:\/\/ikosresorts.com\/es\/#organization\",\"name\":\"Ikos Resorts\",\"url\":\"https:\/\/ikosresorts.com\/es\/\",\"logo\":{\"@type\":\"ImageObject\",\"inLanguage\":\"es\",\"@id\":\"https:\/\/ikosresorts.com\/es\/#\/schema\/logo\/image\/\",\"url\":\"https:\/\/ikosresorts.com\/wp-content\/uploads\/2023\/01\/Logo_Ikos_White.svg\",\"contentUrl\":\"https:\/\/ikosresorts.com\/wp-content\/uploads\/2023\/01\/Logo_Ikos_White.svg\",\"width\":100,\"height\":61,\"caption\":\"Ikos Resorts\"},\"image\":{\"@id\":\"https:\/\/ikosresorts.com\/es\/#\/schema\/logo\/image\/\"}}]}<\/script>\n<!-- \/ Yoast SEO Premium plugin. -->","yoast_head_json":{"title":"Pautas de Accesibilidad del sitio web de Ikos | Ikos Resorts","description":"Esta p\u00e1gina describe las pautas de accesibilidad que hemos adoptado en el sitio web de Ikos Resorts. \u00a1Aprende m\u00e1s aqu\u00ed!","robots":{"index":"index","follow":"follow","max-snippet":"max-snippet:-1","max-image-preview":"max-image-preview:large","max-video-preview":"max-video-preview:-1"},"canonical":"https:\/\/ikosresorts.com\/es\/accessibility\/","og_locale":"es_ES","og_type":"article","og_title":"Accessibility","og_description":"Esta p\u00e1gina describe las pautas de accesibilidad que hemos adoptado en el sitio web de Ikos Resorts. \u00a1Aprende m\u00e1s aqu\u00ed!","og_url":"https:\/\/ikosresorts.com\/es\/accessibility\/","og_site_name":"Ikos Resorts","article_modified_time":"2025-04-02T14:07:39+00:00","og_image":[{"width":26,"height":30,"url":"https:\/\/ikosresorts.com\/wp-content\/uploads\/2022\/10\/arrow-down.png","type":"image\/png"}],"twitter_card":"summary_large_image","twitter_misc":{"Est. reading time":"2 minutes"},"schema":{"@context":"https:\/\/schema.org","@graph":[{"@type":"WebPage","@id":"https:\/\/ikosresorts.com\/es\/accessibility\/","url":"https:\/\/ikosresorts.com\/es\/accessibility\/","name":"Pautas de Accesibilidad del sitio web de Ikos | Ikos Resorts","isPartOf":{"@id":"https:\/\/ikosresorts.com\/es\/#website"},"primaryImageOfPage":{"@id":"https:\/\/ikosresorts.com\/es\/accessibility\/#primaryimage"},"image":{"@id":"https:\/\/ikosresorts.com\/es\/accessibility\/#primaryimage"},"thumbnailUrl":"https:\/\/ikosresorts.com\/wp-content\/uploads\/2022\/10\/arrow-down.png","datePublished":"2022-08-08T15:32:12+00:00","dateModified":"2025-04-02T14:07:39+00:00","description":"Esta p\u00e1gina describe las pautas de accesibilidad que hemos adoptado en el sitio web de Ikos Resorts. \u00a1Aprende m\u00e1s aqu\u00ed!","breadcrumb":{"@id":"https:\/\/ikosresorts.com\/es\/accessibility\/#breadcrumb"},"inLanguage":"es","potentialAction":[{"@type":"ReadAction","target":["https:\/\/ikosresorts.com\/es\/accessibility\/"]}]},{"@type":"ImageObject","inLanguage":"es","@id":"https:\/\/ikosresorts.com\/es\/accessibility\/#primaryimage","url":"https:\/\/ikosresorts.com\/wp-content\/uploads\/2022\/10\/arrow-down.png","contentUrl":"https:\/\/ikosresorts.com\/wp-content\/uploads\/2022\/10\/arrow-down.png"},{"@type":"BreadcrumbList","@id":"https:\/\/ikosresorts.com\/es\/accessibility\/#breadcrumb","itemListElement":[{"@type":"ListItem","position":1,"name":"Home","item":"https:\/\/ikosresorts.com\/"},{"@type":"ListItem","position":2,"name":"Accessibility"}]},{"@type":"WebSite","@id":"https:\/\/ikosresorts.com\/es\/#website","url":"https:\/\/ikosresorts.com\/es\/","name":"Ikos Resorts","description":"Live The Ikos Way","publisher":{"@id":"https:\/\/ikosresorts.com\/es\/#organization"},"potentialAction":[{"@type":"SearchAction","target":{"@type":"EntryPoint","urlTemplate":"https:\/\/ikosresorts.com\/es\/?s={search_term_string}"},"query-input":{"@type":"PropertyValueSpecification","valueRequired":true,"valueName":"search_term_string"}}],"inLanguage":"es"},{"@type":"Organization","@id":"https:\/\/ikosresorts.com\/es\/#organization","name":"Ikos Resorts","url":"https:\/\/ikosresorts.com\/es\/","logo":{"@type":"ImageObject","inLanguage":"es","@id":"https:\/\/ikosresorts.com\/es\/#\/schema\/logo\/image\/","url":"https:\/\/ikosresorts.com\/wp-content\/uploads\/2023\/01\/Logo_Ikos_White.svg","contentUrl":"https:\/\/ikosresorts.com\/wp-content\/uploads\/2023\/01\/Logo_Ikos_White.svg","width":100,"height":61,"caption":"Ikos Resorts"},"image":{"@id":"https:\/\/ikosresorts.com\/es\/#\/schema\/logo\/image\/"}}]}},"_links":{"self":[{"href":"https:\/\/ikosresorts.com\/es\/wp-json\/wp\/v2\/pages\/61506"}],"collection":[{"href":"https:\/\/ikosresorts.com\/es\/wp-json\/wp\/v2\/pages"}],"about":[{"href":"https:\/\/ikosresorts.com\/es\/wp-json\/wp\/v2\/types\/page"}],"author":[{"embeddable":true,"href":"https:\/\/ikosresorts.com\/es\/wp-json\/wp\/v2\/users\/1"}],"replies":[{"embeddable":true,"href":"https:\/\/ikosresorts.com\/es\/wp-json\/wp\/v2\/comments?post=61506"}],"version-history":[{"count":9,"href":"https:\/\/ikosresorts.com\/es\/wp-json\/wp\/v2\/pages\/61506\/revisions"}],"predecessor-version":[{"id":136578,"href":"https:\/\/ikosresorts.com\/es\/wp-json\/wp\/v2\/pages\/61506\/revisions\/136578"}],"wp:attachment":[{"href":"https:\/\/ikosresorts.com\/es\/wp-json\/wp\/v2\/media?parent=61506"}],"curies":[{"name":"wp","href":"https:\/\/api.w.org\/{rel}","templated":true}]}}