{"id":90623,"date":"2022-12-14T12:38:52","date_gmt":"2022-12-14T12:38:52","guid":{"rendered":"https:\/\/ikosresorts.com\/double-opt-in-accept\/"},"modified":"2025-09-08T06:49:20","modified_gmt":"2025-09-08T06:49:20","slug":"double-opt-in-accept","status":"publish","type":"page","link":"https:\/\/ikosresorts.com\/de\/double-opt-in-accept\/","title":{"rendered":"double opt in accept"},"content":{"rendered":"\t\t<div data-elementor-type=\"wp-page\" data-elementor-id=\"90623\" class=\"elementor elementor-90623 elementor-55829\" data-elementor-post-type=\"page\">\n\t\t\t\t\t\t<section class=\"elementor-section elementor-top-section elementor-element elementor-element-6c88a36 elementor-section-full_width elementor-section-height-min-height hero-single elementor-section-items-bottom elementor-section-height-default\" data-id=\"6c88a36\" data-element_type=\"section\" data-settings=\"{&quot;background_background&quot;:&quot;slideshow&quot;,&quot;background_slideshow_gallery&quot;:[{&quot;id&quot;:84673,&quot;url&quot;:&quot;https:\\\/\\\/ikosresorts.com\\\/wp-content\\\/uploads\\\/2022\\\/09\\\/Ikos-Andalusia-Golden-Mile-Sunset_2800x2100-scaled.jpg&quot;}],&quot;background_slideshow_slide_transition&quot;:&quot;fade&quot;}\">\n\t\t\t\t\t\t<div class=\"elementor-container elementor-column-gap-default\">\n\t\t\t\t\t<div class=\"elementor-column elementor-col-100 elementor-top-column elementor-element elementor-element-cd8c75b nohero-column\" data-id=\"cd8c75b\" data-element_type=\"column\">\n\t\t\t<div class=\"elementor-widget-wrap elementor-element-populated\">\n\t\t\t\t\t\t<section class=\"elementor-section elementor-inner-section elementor-element elementor-element-df96554 hero-explore-desktop elementor-section-height-min-height elementor-hidden-mobile elementor-section-boxed elementor-section-height-default\" data-id=\"df96554\" data-element_type=\"section\">\n\t\t\t\t\t\t<div class=\"elementor-container elementor-column-gap-default\">\n\t\t\t\t\t<div class=\"elementor-column elementor-col-100 elementor-inner-column elementor-element elementor-element-377cefe7 hero-column\" data-id=\"377cefe7\" data-element_type=\"column\">\n\t\t\t<div class=\"elementor-widget-wrap elementor-element-populated\">\n\t\t\t\t\t\t<div class=\"elementor-element elementor-element-44022857 elementor-widget elementor-widget-heading\" data-id=\"44022857\" data-element_type=\"widget\" data-widget_type=\"heading.default\">\n\t\t\t\t<div class=\"elementor-widget-container\">\n\t\t\t<style>\/*! elementor - v3.21.0 - 26-05-2024 *\/\n.elementor-heading-title{padding:0;margin:0;line-height:1}.elementor-widget-heading .elementor-heading-title[class*=elementor-size-]>a{color:inherit;font-size:inherit;line-height:inherit}.elementor-widget-heading .elementor-heading-title.elementor-size-small{font-size:15px}.elementor-widget-heading .elementor-heading-title.elementor-size-medium{font-size:19px}.elementor-widget-heading .elementor-heading-title.elementor-size-large{font-size:29px}.elementor-widget-heading .elementor-heading-title.elementor-size-xl{font-size:39px}.elementor-widget-heading .elementor-heading-title.elementor-size-xxl{font-size:59px}<\/style><h2 class=\"elementor-heading-title elementor-size-default\">Explore<\/h2>\t\t<\/div>\n\t\t\t\t<\/div>\n\t\t\t\t<div class=\"elementor-element elementor-element-7c7b93e3 elementor-widget elementor-widget-image\" data-id=\"7c7b93e3\" data-element_type=\"widget\" data-widget_type=\"image.default\">\n\t\t\t\t<div class=\"elementor-widget-container\">\n\t\t\t<style>\/*! elementor - v3.21.0 - 26-05-2024 *\/\n.elementor-widget-image{text-align:center}.elementor-widget-image a{display:inline-block}.elementor-widget-image a img[src$=\".svg\"]{width:48px}.elementor-widget-image img{vertical-align:middle;display:inline-block}<\/style>\t\t\t\t\t\t\t\t\t\t<img decoding=\"async\" width=\"26\" height=\"30\" src=\"https:\/\/ikosresorts.com\/wp-content\/uploads\/2022\/10\/arrow-down.png\" class=\"attachment-large size-large wp-image-9213\" alt=\"arrow-down\" \/>\t\t\t\t\t\t\t\t\t\t\t\t\t<\/div>\n\t\t\t\t<\/div>\n\t\t\t\t\t<\/div>\n\t\t<\/div>\n\t\t\t\t\t<\/div>\n\t\t<\/section>\n\t\t\t\t<section class=\"elementor-section elementor-inner-section elementor-element elementor-element-3afa38ec hero-explore-mobile elementor-section-height-min-height elementor-hidden-desktop elementor-hidden-tablet elementor-section-boxed elementor-section-height-default\" data-id=\"3afa38ec\" data-element_type=\"section\">\n\t\t\t\t\t\t<div class=\"elementor-container elementor-column-gap-default\">\n\t\t\t\t\t<div class=\"elementor-column elementor-col-100 elementor-inner-column elementor-element elementor-element-553f8ca4 hero-column\" data-id=\"553f8ca4\" data-element_type=\"column\">\n\t\t\t<div class=\"elementor-widget-wrap elementor-element-populated\">\n\t\t\t\t\t\t<div class=\"elementor-element elementor-element-50a8d096 elementor-widget__width-auto elementor-widget elementor-widget-image\" data-id=\"50a8d096\" data-element_type=\"widget\" data-widget_type=\"image.default\">\n\t\t\t\t<div class=\"elementor-widget-container\">\n\t\t\t\t\t\t\t\t\t\t\t\t\t<img decoding=\"async\" width=\"26\" height=\"30\" src=\"https:\/\/ikosresorts.com\/wp-content\/uploads\/2022\/10\/arrow-down.png\" class=\"attachment-large size-large wp-image-9213\" alt=\"arrow-down\" \/>\t\t\t\t\t\t\t\t\t\t\t\t\t<\/div>\n\t\t\t\t<\/div>\n\t\t\t\t<div class=\"elementor-element elementor-element-99d6d48 elementor-widget__width-auto elementor-widget elementor-widget-heading\" data-id=\"99d6d48\" data-element_type=\"widget\" data-widget_type=\"heading.default\">\n\t\t\t\t<div class=\"elementor-widget-container\">\n\t\t\t<h2 class=\"elementor-heading-title elementor-size-default\">Swipe to explore<\/h2>\t\t<\/div>\n\t\t\t\t<\/div>\n\t\t\t\t\t<\/div>\n\t\t<\/div>\n\t\t\t\t\t<\/div>\n\t\t<\/section>\n\t\t\t\t\t<\/div>\n\t\t<\/div>\n\t\t\t\t\t<\/div>\n\t\t<\/section>\n\t\t\t\t<section class=\"elementor-section elementor-top-section elementor-element elementor-element-6772f3b6 ikos-rich-text elementor-section-boxed elementor-section-height-default elementor-section-height-default\" data-id=\"6772f3b6\" data-element_type=\"section\" data-settings=\"{&quot;background_background&quot;:&quot;classic&quot;}\">\n\t\t\t\t\t\t<div class=\"elementor-container elementor-column-gap-default\">\n\t\t\t\t\t<div class=\"elementor-column elementor-col-100 elementor-top-column elementor-element elementor-element-3484841b\" data-id=\"3484841b\" data-element_type=\"column\">\n\t\t\t<div class=\"elementor-widget-wrap elementor-element-populated\">\n\t\t\t\t\t\t<div class=\"elementor-element elementor-element-6da5728d elementor-widget elementor-widget-heading\" data-id=\"6da5728d\" data-element_type=\"widget\" data-widget_type=\"heading.default\">\n\t\t\t\t<div class=\"elementor-widget-container\">\n\t\t\t<h2 class=\"elementor-heading-title elementor-size-default\">Vielen Dank.<\/h2>\t\t<\/div>\n\t\t\t\t<\/div>\n\t\t\t\t<div class=\"elementor-element elementor-element-739c3ef4 elementor-widget elementor-widget-text-editor\" data-id=\"739c3ef4\" data-element_type=\"widget\" data-widget_type=\"text-editor.default\">\n\t\t\t\t<div class=\"elementor-widget-container\">\n\t\t\t<style>\/*! elementor - v3.21.0 - 26-05-2024 *\/\n.elementor-widget-text-editor.elementor-drop-cap-view-stacked .elementor-drop-cap{background-color:#69727d;color:#fff}.elementor-widget-text-editor.elementor-drop-cap-view-framed .elementor-drop-cap{color:#69727d;border:3px solid;background-color:transparent}.elementor-widget-text-editor:not(.elementor-drop-cap-view-default) .elementor-drop-cap{margin-top:8px}.elementor-widget-text-editor:not(.elementor-drop-cap-view-default) .elementor-drop-cap-letter{width:1em;height:1em}.elementor-widget-text-editor .elementor-drop-cap{float:left;text-align:center;line-height:1;font-size:50px}.elementor-widget-text-editor .elementor-drop-cap-letter{display:inline-block}<\/style>\t\t\t\tVielen Dank.\nIhre Anmeldung zum Newsletter von Ikos Resorts wurde best\u00e4tigt.\n\nWir freuen uns, Sie bald in unserer Welt voller Unconditional Luxury begr\u00fc\u00dfen zu d\u00fcrfen und die neuesten Angebote und Updates mit Ihnen zu teilen.\t\t\t\t\t\t<\/div>\n\t\t\t\t<\/div>\n\t\t\t\t<div class=\"elementor-element elementor-element-1d0bd5d elementor-widget elementor-widget-html\" data-id=\"1d0bd5d\" data-element_type=\"widget\" data-widget_type=\"html.default\">\n\t\t\t\t<div class=\"elementor-widget-container\">\n\t\t\t<style>#newsletterclickdrow {display:none!important;}<\/style>\t\t<\/div>\n\t\t\t\t<\/div>\n\t\t\t\t\t<\/div>\n\t\t<\/div>\n\t\t\t\t\t<\/div>\n\t\t<\/section>\n\t\t\t\t<\/div>\n\t\t","protected":false},"excerpt":{"rendered":"<p>Explore Swipe to explore Vielen Dank. Vielen Dank. Ihre Anmeldung zum Newsletter von Ikos Resorts wurde best\u00e4tigt. Wir freuen uns, Sie bald in unserer Welt voller Unconditional Luxury begr\u00fc\u00dfen zu d\u00fcrfen und die neuesten Angebote und Updates mit Ihnen zu teilen.<\/p>\n","protected":false},"author":2,"featured_media":0,"parent":0,"menu_order":0,"comment_status":"closed","ping_status":"closed","template":"","meta":{"inline_featured_image":false,"footnotes":""},"yoast_head":"<!-- This site is optimized with the Yoast SEO Premium plugin v24.5 (Yoast SEO v24.5) - https:\/\/yoast.com\/wordpress\/plugins\/seo\/ -->\n<title>Vielen Dank - Ikos Resorts<\/title>\n<meta name=\"description\" content=\"double opt in accept\" \/>\n<meta name=\"robots\" content=\"noindex, follow\" \/>\n<meta property=\"og:locale\" content=\"de_DE\" \/>\n<meta property=\"og:type\" content=\"article\" \/>\n<meta property=\"og:title\" content=\"double opt in accept\" \/>\n<meta property=\"og:description\" content=\"double opt in accept\" \/>\n<meta property=\"og:url\" content=\"https:\/\/ikosresorts.com\/de\/double-opt-in-accept\/\" \/>\n<meta property=\"og:site_name\" content=\"Ikos Resorts\" \/>\n<meta property=\"article:modified_time\" content=\"2025-09-08T06:49:20+00:00\" \/>\n<meta property=\"og:image\" content=\"https:\/\/ikosresorts.com\/wp-content\/uploads\/2022\/10\/arrow-down.png\" \/>\n\t<meta property=\"og:image:width\" content=\"26\" \/>\n\t<meta property=\"og:image:height\" content=\"30\" \/>\n\t<meta property=\"og:image:type\" content=\"image\/png\" \/>\n<meta name=\"twitter:card\" content=\"summary_large_image\" \/>\n<meta name=\"twitter:label1\" content=\"Est. reading time\" \/>\n\t<meta name=\"twitter:data1\" content=\"1 minute\" \/>\n<script type=\"application\/ld+json\" class=\"yoast-schema-graph\">{\"@context\":\"https:\/\/schema.org\",\"@graph\":[{\"@type\":\"WebPage\",\"@id\":\"https:\/\/ikosresorts.com\/de\/double-opt-in-accept\/\",\"url\":\"https:\/\/ikosresorts.com\/de\/double-opt-in-accept\/\",\"name\":\"Vielen Dank - Ikos Resorts\",\"isPartOf\":{\"@id\":\"https:\/\/ikosresorts.com\/de\/#website\"},\"primaryImageOfPage\":{\"@id\":\"https:\/\/ikosresorts.com\/de\/double-opt-in-accept\/#primaryimage\"},\"image\":{\"@id\":\"https:\/\/ikosresorts.com\/de\/double-opt-in-accept\/#primaryimage\"},\"thumbnailUrl\":\"https:\/\/ikosresorts.com\/wp-content\/uploads\/2022\/10\/arrow-down.png\",\"datePublished\":\"2022-12-14T12:38:52+00:00\",\"dateModified\":\"2025-09-08T06:49:20+00:00\",\"description\":\"double opt in accept\",\"breadcrumb\":{\"@id\":\"https:\/\/ikosresorts.com\/de\/double-opt-in-accept\/#breadcrumb\"},\"inLanguage\":\"de\",\"potentialAction\":[{\"@type\":\"ReadAction\",\"target\":[\"https:\/\/ikosresorts.com\/de\/double-opt-in-accept\/\"]}]},{\"@type\":\"ImageObject\",\"inLanguage\":\"de\",\"@id\":\"https:\/\/ikosresorts.com\/de\/double-opt-in-accept\/#primaryimage\",\"url\":\"https:\/\/ikosresorts.com\/wp-content\/uploads\/2022\/10\/arrow-down.png\",\"contentUrl\":\"https:\/\/ikosresorts.com\/wp-content\/uploads\/2022\/10\/arrow-down.png\"},{\"@type\":\"BreadcrumbList\",\"@id\":\"https:\/\/ikosresorts.com\/de\/double-opt-in-accept\/#breadcrumb\",\"itemListElement\":[{\"@type\":\"ListItem\",\"position\":1,\"name\":\"Home\",\"item\":\"https:\/\/ikosresorts.com\/\"},{\"@type\":\"ListItem\",\"position\":2,\"name\":\"double opt in accept\"}]},{\"@type\":\"WebSite\",\"@id\":\"https:\/\/ikosresorts.com\/de\/#website\",\"url\":\"https:\/\/ikosresorts.com\/de\/\",\"name\":\"Ikos Resorts\",\"description\":\"Live The Ikos Way\",\"publisher\":{\"@id\":\"https:\/\/ikosresorts.com\/de\/#organization\"},\"potentialAction\":[{\"@type\":\"SearchAction\",\"target\":{\"@type\":\"EntryPoint\",\"urlTemplate\":\"https:\/\/ikosresorts.com\/de\/?s={search_term_string}\"},\"query-input\":{\"@type\":\"PropertyValueSpecification\",\"valueRequired\":true,\"valueName\":\"search_term_string\"}}],\"inLanguage\":\"de\"},{\"@type\":\"Organization\",\"@id\":\"https:\/\/ikosresorts.com\/de\/#organization\",\"name\":\"Ikos Resorts\",\"url\":\"https:\/\/ikosresorts.com\/de\/\",\"logo\":{\"@type\":\"ImageObject\",\"inLanguage\":\"de\",\"@id\":\"https:\/\/ikosresorts.com\/de\/#\/schema\/logo\/image\/\",\"url\":\"https:\/\/ikosresorts.com\/wp-content\/uploads\/2023\/01\/Logo_Ikos_White.svg\",\"contentUrl\":\"https:\/\/ikosresorts.com\/wp-content\/uploads\/2023\/01\/Logo_Ikos_White.svg\",\"width\":100,\"height\":61,\"caption\":\"Ikos Resorts\"},\"image\":{\"@id\":\"https:\/\/ikosresorts.com\/de\/#\/schema\/logo\/image\/\"}}]}<\/script>\n<!-- \/ Yoast SEO Premium plugin. -->","yoast_head_json":{"title":"Vielen Dank - Ikos Resorts","description":"double opt in accept","robots":{"index":"noindex","follow":"follow"},"og_locale":"de_DE","og_type":"article","og_title":"double opt in accept","og_description":"double opt in accept","og_url":"https:\/\/ikosresorts.com\/de\/double-opt-in-accept\/","og_site_name":"Ikos Resorts","article_modified_time":"2025-09-08T06:49:20+00:00","og_image":[{"width":26,"height":30,"url":"https:\/\/ikosresorts.com\/wp-content\/uploads\/2022\/10\/arrow-down.png","type":"image\/png"}],"twitter_card":"summary_large_image","twitter_misc":{"Est. reading time":"1 minute"},"schema":{"@context":"https:\/\/schema.org","@graph":[{"@type":"WebPage","@id":"https:\/\/ikosresorts.com\/de\/double-opt-in-accept\/","url":"https:\/\/ikosresorts.com\/de\/double-opt-in-accept\/","name":"Vielen Dank - Ikos Resorts","isPartOf":{"@id":"https:\/\/ikosresorts.com\/de\/#website"},"primaryImageOfPage":{"@id":"https:\/\/ikosresorts.com\/de\/double-opt-in-accept\/#primaryimage"},"image":{"@id":"https:\/\/ikosresorts.com\/de\/double-opt-in-accept\/#primaryimage"},"thumbnailUrl":"https:\/\/ikosresorts.com\/wp-content\/uploads\/2022\/10\/arrow-down.png","datePublished":"2022-12-14T12:38:52+00:00","dateModified":"2025-09-08T06:49:20+00:00","description":"double opt in accept","breadcrumb":{"@id":"https:\/\/ikosresorts.com\/de\/double-opt-in-accept\/#breadcrumb"},"inLanguage":"de","potentialAction":[{"@type":"ReadAction","target":["https:\/\/ikosresorts.com\/de\/double-opt-in-accept\/"]}]},{"@type":"ImageObject","inLanguage":"de","@id":"https:\/\/ikosresorts.com\/de\/double-opt-in-accept\/#primaryimage","url":"https:\/\/ikosresorts.com\/wp-content\/uploads\/2022\/10\/arrow-down.png","contentUrl":"https:\/\/ikosresorts.com\/wp-content\/uploads\/2022\/10\/arrow-down.png"},{"@type":"BreadcrumbList","@id":"https:\/\/ikosresorts.com\/de\/double-opt-in-accept\/#breadcrumb","itemListElement":[{"@type":"ListItem","position":1,"name":"Home","item":"https:\/\/ikosresorts.com\/"},{"@type":"ListItem","position":2,"name":"double opt in accept"}]},{"@type":"WebSite","@id":"https:\/\/ikosresorts.com\/de\/#website","url":"https:\/\/ikosresorts.com\/de\/","name":"Ikos Resorts","description":"Live The Ikos Way","publisher":{"@id":"https:\/\/ikosresorts.com\/de\/#organization"},"potentialAction":[{"@type":"SearchAction","target":{"@type":"EntryPoint","urlTemplate":"https:\/\/ikosresorts.com\/de\/?s={search_term_string}"},"query-input":{"@type":"PropertyValueSpecification","valueRequired":true,"valueName":"search_term_string"}}],"inLanguage":"de"},{"@type":"Organization","@id":"https:\/\/ikosresorts.com\/de\/#organization","name":"Ikos Resorts","url":"https:\/\/ikosresorts.com\/de\/","logo":{"@type":"ImageObject","inLanguage":"de","@id":"https:\/\/ikosresorts.com\/de\/#\/schema\/logo\/image\/","url":"https:\/\/ikosresorts.com\/wp-content\/uploads\/2023\/01\/Logo_Ikos_White.svg","contentUrl":"https:\/\/ikosresorts.com\/wp-content\/uploads\/2023\/01\/Logo_Ikos_White.svg","width":100,"height":61,"caption":"Ikos Resorts"},"image":{"@id":"https:\/\/ikosresorts.com\/de\/#\/schema\/logo\/image\/"}}]}},"_links":{"self":[{"href":"https:\/\/ikosresorts.com\/de\/wp-json\/wp\/v2\/pages\/90623"}],"collection":[{"href":"https:\/\/ikosresorts.com\/de\/wp-json\/wp\/v2\/pages"}],"about":[{"href":"https:\/\/ikosresorts.com\/de\/wp-json\/wp\/v2\/types\/page"}],"author":[{"embeddable":true,"href":"https:\/\/ikosresorts.com\/de\/wp-json\/wp\/v2\/users\/2"}],"replies":[{"embeddable":true,"href":"https:\/\/ikosresorts.com\/de\/wp-json\/wp\/v2\/comments?post=90623"}],"version-history":[{"count":10,"href":"https:\/\/ikosresorts.com\/de\/wp-json\/wp\/v2\/pages\/90623\/revisions"}],"predecessor-version":[{"id":151241,"href":"https:\/\/ikosresorts.com\/de\/wp-json\/wp\/v2\/pages\/90623\/revisions\/151241"}],"wp:attachment":[{"href":"https:\/\/ikosresorts.com\/de\/wp-json\/wp\/v2\/media?parent=90623"}],"curies":[{"name":"wp","href":"https:\/\/api.w.org\/{rel}","templated":true}]}}