{"id":48608,"date":"2022-09-26T14:30:58","date_gmt":"2022-09-26T14:30:58","guid":{"rendered":"https:\/\/ikosresorts.com\/?page_id=48608"},"modified":"2024-08-07T09:15:56","modified_gmt":"2024-08-07T09:15:56","slug":"disclaimer","status":"publish","type":"page","link":"https:\/\/ikosresorts.com\/de\/legal\/disclaimer\/","title":{"rendered":"Disclaimer"},"content":{"rendered":"\t\t<div data-elementor-type=\"wp-page\" data-elementor-id=\"48608\" class=\"elementor elementor-48608 elementor-5425\" data-elementor-post-type=\"page\">\n\t\t\t\t\t\t<section class=\"elementor-section elementor-top-section elementor-element elementor-element-62929ad2 elementor-section-full_width elementor-section-height-min-height hero-single elementor-section-height-default elementor-section-items-middle\" data-id=\"62929ad2\" data-element_type=\"section\" data-settings=\"{&quot;background_background&quot;:&quot;slideshow&quot;,&quot;background_slideshow_gallery&quot;:[{&quot;id&quot;:58168,&quot;url&quot;:&quot;https:\\\/\\\/ikosresorts.com\\\/wp-content\\\/uploads\\\/2022\\\/12\\\/Ikos-Resorts_Couple-relaxing-on-the-beach_2880x1761-1-scaled.jpg&quot;}],&quot;background_slideshow_slide_transition&quot;:&quot;fade&quot;}\">\n\t\t\t\t\t\t\t<div class=\"elementor-background-overlay\"><\/div>\n\t\t\t\t\t\t\t<div class=\"elementor-container elementor-column-gap-default\">\n\t\t\t\t\t<div class=\"elementor-column elementor-col-100 elementor-top-column elementor-element elementor-element-60e1700c hero-column\" data-id=\"60e1700c\" data-element_type=\"column\">\n\t\t\t<div class=\"elementor-widget-wrap elementor-element-populated\">\n\t\t\t\t\t\t<section class=\"elementor-section elementor-inner-section elementor-element elementor-element-1211f0c elementor-section-full_width hero-group-titles elementor-section-height-default elementor-section-height-default\" data-id=\"1211f0c\" data-element_type=\"section\">\n\t\t\t\t\t\t<div class=\"elementor-container elementor-column-gap-no\">\n\t\t\t\t\t<div class=\"elementor-column elementor-col-100 elementor-inner-column elementor-element elementor-element-50679252\" data-id=\"50679252\" data-element_type=\"column\">\n\t\t\t<div class=\"elementor-widget-wrap elementor-element-populated\">\n\t\t\t\t\t\t<div class=\"elementor-element elementor-element-5adc6176 hero2-title elementor-widget elementor-widget-heading\" data-id=\"5adc6176\" data-element_type=\"widget\" data-widget_type=\"heading.default\">\n\t\t\t\t<div class=\"elementor-widget-container\">\n\t\t\t<style>\/*! elementor - v3.21.0 - 26-05-2024 *\/\n.elementor-heading-title{padding:0;margin:0;line-height:1}.elementor-widget-heading .elementor-heading-title[class*=elementor-size-]>a{color:inherit;font-size:inherit;line-height:inherit}.elementor-widget-heading .elementor-heading-title.elementor-size-small{font-size:15px}.elementor-widget-heading .elementor-heading-title.elementor-size-medium{font-size:19px}.elementor-widget-heading .elementor-heading-title.elementor-size-large{font-size:29px}.elementor-widget-heading .elementor-heading-title.elementor-size-xl{font-size:39px}.elementor-widget-heading .elementor-heading-title.elementor-size-xxl{font-size:59px}<\/style><h1 class=\"elementor-heading-title elementor-size-default\">Haftungsausschluss<\/h1>\t\t<\/div>\n\t\t\t\t<\/div>\n\t\t\t\t\t<\/div>\n\t\t<\/div>\n\t\t\t\t\t<\/div>\n\t\t<\/section>\n\t\t\t\t<section class=\"elementor-section elementor-inner-section elementor-element elementor-element-2eb652e8 hero-explore-desktop elementor-section-height-min-height elementor-hidden-mobile elementor-section-boxed elementor-section-height-default\" data-id=\"2eb652e8\" data-element_type=\"section\">\n\t\t\t\t\t\t<div class=\"elementor-container elementor-column-gap-default\">\n\t\t\t\t\t<div class=\"elementor-column elementor-col-100 elementor-inner-column elementor-element elementor-element-60cc2f05 hero-column\" data-id=\"60cc2f05\" data-element_type=\"column\">\n\t\t\t<div class=\"elementor-widget-wrap elementor-element-populated\">\n\t\t\t\t\t\t<div class=\"elementor-element elementor-element-2de724d7 elementor-widget elementor-widget-heading\" data-id=\"2de724d7\" data-element_type=\"widget\" data-widget_type=\"heading.default\">\n\t\t\t\t<div class=\"elementor-widget-container\">\n\t\t\t<h2 class=\"elementor-heading-title elementor-size-default\">Erkunden<\/h2>\t\t<\/div>\n\t\t\t\t<\/div>\n\t\t\t\t<div class=\"elementor-element elementor-element-780582ef elementor-widget elementor-widget-image\" data-id=\"780582ef\" data-element_type=\"widget\" data-widget_type=\"image.default\">\n\t\t\t\t<div class=\"elementor-widget-container\">\n\t\t\t<style>\/*! elementor - v3.21.0 - 26-05-2024 *\/\n.elementor-widget-image{text-align:center}.elementor-widget-image a{display:inline-block}.elementor-widget-image a img[src$=\".svg\"]{width:48px}.elementor-widget-image img{vertical-align:middle;display:inline-block}<\/style>\t\t\t\t\t\t\t\t\t\t<img decoding=\"async\" width=\"26\" height=\"30\" src=\"https:\/\/ikosresorts.com\/wp-content\/uploads\/2022\/10\/arrow-down.png\" class=\"attachment-large size-large wp-image-9213\" alt=\"arrow-down\" \/>\t\t\t\t\t\t\t\t\t\t\t\t\t<\/div>\n\t\t\t\t<\/div>\n\t\t\t\t\t<\/div>\n\t\t<\/div>\n\t\t\t\t\t<\/div>\n\t\t<\/section>\n\t\t\t\t<section class=\"elementor-section elementor-inner-section elementor-element elementor-element-4ce9ca2b hero-explore-mobile elementor-section-height-min-height elementor-hidden-desktop elementor-hidden-tablet elementor-section-boxed elementor-section-height-default\" data-id=\"4ce9ca2b\" data-element_type=\"section\">\n\t\t\t\t\t\t<div class=\"elementor-container elementor-column-gap-default\">\n\t\t\t\t\t<div class=\"elementor-column elementor-col-100 elementor-inner-column elementor-element elementor-element-3495a608 hero-column\" data-id=\"3495a608\" data-element_type=\"column\">\n\t\t\t<div class=\"elementor-widget-wrap elementor-element-populated\">\n\t\t\t\t\t\t<div class=\"elementor-element elementor-element-1236b1b9 elementor-widget__width-auto elementor-widget elementor-widget-image\" data-id=\"1236b1b9\" data-element_type=\"widget\" data-widget_type=\"image.default\">\n\t\t\t\t<div class=\"elementor-widget-container\">\n\t\t\t\t\t\t\t\t\t\t\t\t\t<img decoding=\"async\" width=\"26\" height=\"30\" src=\"https:\/\/ikosresorts.com\/wp-content\/uploads\/2022\/10\/arrow-down.png\" class=\"attachment-large size-large wp-image-9213\" alt=\"arrow-down\" \/>\t\t\t\t\t\t\t\t\t\t\t\t\t<\/div>\n\t\t\t\t<\/div>\n\t\t\t\t<div class=\"elementor-element elementor-element-66150ff6 elementor-widget__width-auto elementor-widget elementor-widget-heading\" data-id=\"66150ff6\" data-element_type=\"widget\" data-widget_type=\"heading.default\">\n\t\t\t\t<div class=\"elementor-widget-container\">\n\t\t\t<h2 class=\"elementor-heading-title elementor-size-default\">Swipe to explore<\/h2>\t\t<\/div>\n\t\t\t\t<\/div>\n\t\t\t\t\t<\/div>\n\t\t<\/div>\n\t\t\t\t\t<\/div>\n\t\t<\/section>\n\t\t\t\t\t<\/div>\n\t\t<\/div>\n\t\t\t\t\t<\/div>\n\t\t<\/section>\n\t\t\t\t<section class=\"elementor-section elementor-top-section elementor-element elementor-element-15aee2da ikos-section-header elementor-section-boxed elementor-section-height-default elementor-section-height-default\" data-id=\"15aee2da\" data-element_type=\"section\" data-settings=\"{&quot;background_background&quot;:&quot;classic&quot;}\">\n\t\t\t\t\t\t<div class=\"elementor-container elementor-column-gap-default\">\n\t\t\t\t\t<div class=\"elementor-column elementor-col-100 elementor-top-column elementor-element elementor-element-7c1152cf\" data-id=\"7c1152cf\" data-element_type=\"column\">\n\t\t\t<div class=\"elementor-widget-wrap elementor-element-populated\">\n\t\t\t\t\t\t<div class=\"elementor-element elementor-element-ec1ed2b elementor-widget elementor-widget-heading\" data-id=\"ec1ed2b\" data-element_type=\"widget\" data-settings=\"{&quot;motion_fx_motion_fx_scrolling&quot;:&quot;yes&quot;,&quot;motion_fx_range&quot;:&quot;viewport&quot;,&quot;motion_fx_opacity_effect&quot;:&quot;yes&quot;,&quot;motion_fx_opacity_direction&quot;:&quot;out-in&quot;,&quot;motion_fx_opacity_level&quot;:{&quot;unit&quot;:&quot;px&quot;,&quot;size&quot;:10,&quot;sizes&quot;:[]},&quot;motion_fx_opacity_range&quot;:{&quot;unit&quot;:&quot;%&quot;,&quot;size&quot;:&quot;&quot;,&quot;sizes&quot;:{&quot;start&quot;:20,&quot;end&quot;:80}},&quot;motion_fx_devices&quot;:[&quot;desktop&quot;,&quot;laptop&quot;,&quot;tablet&quot;,&quot;mobile&quot;]}\" data-widget_type=\"heading.default\">\n\t\t\t\t<div class=\"elementor-widget-container\">\n\t\t\t<h2 class=\"elementor-heading-title elementor-size-default\">Haftungsausschluss<\/h2>\t\t<\/div>\n\t\t\t\t<\/div>\n\t\t\t\t<div class=\"elementor-element elementor-element-28ae3c1b elementor-widget elementor-widget-text-editor\" data-id=\"28ae3c1b\" data-element_type=\"widget\" data-widget_type=\"text-editor.default\">\n\t\t\t\t<div class=\"elementor-widget-container\">\n\t\t\t<style>\/*! elementor - v3.21.0 - 26-05-2024 *\/\n.elementor-widget-text-editor.elementor-drop-cap-view-stacked .elementor-drop-cap{background-color:#69727d;color:#fff}.elementor-widget-text-editor.elementor-drop-cap-view-framed .elementor-drop-cap{color:#69727d;border:3px solid;background-color:transparent}.elementor-widget-text-editor:not(.elementor-drop-cap-view-default) .elementor-drop-cap{margin-top:8px}.elementor-widget-text-editor:not(.elementor-drop-cap-view-default) .elementor-drop-cap-letter{width:1em;height:1em}.elementor-widget-text-editor .elementor-drop-cap{float:left;text-align:center;line-height:1;font-size:50px}.elementor-widget-text-editor .elementor-drop-cap-letter{display:inline-block}<\/style>\t\t\t\t<div class=\"template-page content  av-content-full alpha units\"><div class=\"post-entry post-entry-type-page post-entry-59\"><div class=\"entry-content-wrapper clearfix\"><section class=\"av_textblock_section\"><div class=\"punk_textblock \"><p>Willkommen auf der Website der IKOS RESORTS. Zu Ihrer und unserer eigenen Sicherheit haben wir die nachstehenden Nutzungsbedingungen f\u00fcr diese Website festgelegt. Die IKOS HOTEL MANAGEMENT SA bietet Ihnen \u00fcber diese Website eine Vielzahl von Online-Inhalten, die allesamt diesen Nutzungsbedingungen unterliegen. Durch die Nutzung dieser Website akzeptieren Sie die Einhaltung dieser Bedingungen. Diese Bedingungen k\u00f6nnen jederzeit ohne vorherige Ank\u00fcndigung ge\u00e4ndert werden. Daher empfehlen wir Ihnen, diese Seite regelm\u00e4\u00dfig zu besuchen.<\/p><h4><strong>Hinweis zum Urheberrecht<\/strong><\/h4><p>Die IKOS HOTEL MANAGEMENT SA besitzt die Urheberrechte an s\u00e4mtlichen Inhalten der Website. Verantwortlich f\u00fcr das Design, die Gestaltung und Erstellung der Website ist das Unternehmen Punky Duck. Die Inhalte selbst werden von der IKOS HOTEL MANAGEMENT SA verwaltet.<\/p><p>Sofern nicht anders angegeben, sind s\u00e4mtliche auf der Website enthaltenen Materialien durch das Urheberrecht gesch\u00fctzt. Die Inhalte unserer Website sind f\u00fcr den pers\u00f6nlichen Gebrauch bestimmt. Ohne eine ausdr\u00fcckliche vorherige schriftliche Genehmigung der IKOS HOTEL MANAGEMENT SA d\u00fcrfen sie zu keinem anderen Zweck gespeichert, reproduziert, verteilt, \u00fcbermittelt, angezeigt und im Rundfunk oder Fernsehen ausgestrahlt werden.<\/p><h4><strong>Zugriff und Eingriff auf das System<\/strong><\/h4><p>Die Nutzer stimmen zu, f\u00fcr keinen wie auch immer gearteten Zweck ohne die vorherige schriftliche Genehmigung der IKOS HOTEL Management SA Roboter, Spider oder andere automatische Mittel oder manuelle Prozesse zu verwenden, um die Websites der IKOS RESORTS oder darin enthaltene Inhalte zu \u00fcberwachen oder zu kopieren.<\/p><p>Die Nutzer stimmen ferner zu, keine Ger\u00e4te, Software oder Routinen zu nutzen, um das einwandfreie Funktionieren der Website der IKOS RESORTS zu st\u00f6ren. Sie stimmen au\u00dferdem zu, keine Ma\u00dfnahmen zu ergreifen, die eine unzumutbare oder unverh\u00e4ltnism\u00e4\u00dfig gro\u00dfe Belastung der Infrastruktur der Website darstellen k\u00f6nnten. Dar\u00fcber hinaus stimmen die Nutzer zu, ohne die ausdr\u00fcckliche vorherige schriftliche Genehmigung der IKOS HOTEL MANAGEMENT SA keine Website-Inhalte zu kopieren, zu reproduzieren, zu \u00e4ndern, zu modifizieren, davon abgeleitete Werke zu erstellen oder zu ver\u00f6ffentlichen<\/p><h4><strong>Logo und Handelsmarken<\/strong><\/h4><p>Die Handelsmarken und Handelsnamen sind international registriert und gem\u00e4\u00df geltender Rechtsvorschriften (wie im geltenden Artikel 3, 2598\/1998 definiert) gesch\u00fctzt. Nach diesem Gesetz ist es illegal, eine der Handels- oder Dienstleistungsmarken oder anderes geistiges Eigentum, das \u00fcber die Website verf\u00fcgbar gemacht wird, f\u00fcr andere Zwecke zu verwenden als den Zweck, f\u00fcr den solches Material von der IKOS HOTEL MANAGEMENT SA zur Verf\u00fcgung gestellt worden ist. Es ist illegal, wenn Sie sich f\u00e4lschlicherweise anderen gegen\u00fcber so darstellen, als w\u00fcrden Sie von der IKOS HOTEL MANAGEMENT SA oder irgendwelchen Dienstleistern der IKOS HOTEL MANAGEMENT SA gesponsert oder unterst\u00fctzt. Es ist illegal, die IKOS HOTEL MANAGEMENT SA, die Handels- oder Dienstleistungsmarken der IKOS RESORTS oder Teile der Website zu diffamieren oder zu verunglimpfen.<\/p><h4><strong>Haftungsausschl\u00fcsse<\/strong><\/h4><p>Die IKOS HOTEL MANAGEMENT SA macht keinerlei Zusage f\u00fcr einen unterbrechungs- und st\u00f6rungsfreien Zugang zur Website, noch daf\u00fcr, dass bestimmte Ergebnisse aus der Website-Nutzung oder aus der Nutzung von Inhalten, Suchfunktionen oder Links, die auf der Website zur Verf\u00fcgung gestellt werden, geliefert werden.<\/p><p>Die Website und ihre Inhalte werden den Nutzern ohne Gew\u00e4hr und Anspruch auf Vollst\u00e4ndigkeit zur Verf\u00fcgung gestellt. Die IKOS HOTEL MANAGEMENT SA kann nicht gew\u00e4hrleisten, dass Dateien, die Sie von der Website herunterladen, frei von Viren, Kontaminationen oder zerst\u00f6rerischen Elementen sind. Die IKOS HOTEL MANAGEMENT SA schlie\u00dft alle ausdr\u00fccklichen oder stillschweigenden Gew\u00e4hrleistungen einschlie\u00dflich der impliziten Gew\u00e4hrleistung der Marktg\u00e4ngigkeit oder Eignung f\u00fcr einen bestimmten Zweck aus. Die IKOS HOTEL MANAGEMENT SA haftet nicht f\u00fcr Sch\u00e4den, die sich aus der Nutzung dieser Website ergeben k\u00f6nnten, einschlie\u00dflich, aber nicht beschr\u00e4nkt auf direkte, indirekte, zuf\u00e4llige sowie Schadenersatz- und Folgesch\u00e4den. Die IKOS HOTEL MANAGEMENT SA \u00fcbernimmt keine Gew\u00e4hrleistung f\u00fcr konkrete Ergebnisse, die sich aus der Benutzung dieser Website oder dieses Dienstes ergeben k\u00f6nnten.<\/p><p>Die IKOS HOTEL MANAGEMENT SA macht keinerlei Zusagen dar\u00fcber, ob Website-Bilder sowie Beschreibungen von Produkten und Dienstleistungen, die auf der Website ver\u00f6ffentlicht werden, jederzeit die Produkte und Dienstleistungen, die von oder innerhalb der IKOS RESORTS angeboten werden, exakt wiedergeben und repr\u00e4sentieren. Die Website und ihre Inhalte k\u00f6nnen jederzeit ohne vorherige Ank\u00fcndigung ge\u00e4ndert werden. Die IKOS HOTEL MANAGEMENT SA \u00fcbernimmt keinerlei Haftung oder Gew\u00e4hrleistung, weder ausdr\u00fccklich noch stillschweigend, f\u00fcr etwaige Abweichungen zwischen den Beschreibungen der Produkte und Dienstleistungen auf der Webseite und den tats\u00e4chlichen Eigenschaften der Produkte und Dienstleistungen, wie sie von oder innerhalb der IKOS RESORTS angeboten werden.<\/p><p>Insbesondere unterliegen die Dienstleistungen und \u00d6ffnungszeiten bestimmter Strand-, Sport- und anderer Freizeiteinrichtungen sowie bestimmter Restaurants und Bars, die in den IKOS RESORTS den G\u00e4sten zur Verf\u00fcgung stehen, m\u00f6glichen \u00c4nderungen, die von der Wetterlage und anderen unvorhergesehenen Umst\u00e4nden abh\u00e4ngen k\u00f6nnen.<\/p><p><strong>Fremde Websites<\/strong><\/p><p>Diese Website kann Links zu Drittanbieter-Internetseiten (fremde Websites) enthalten, auf die die IKOS HOTEL MANAGEMENT SA keinen Einfluss hat. Das Online-Registrierungssystem z\u00e4hlt hier nicht dazu, es wird auf der Website der IKOS RESORTS verwendet. F\u00fcr Inhalte, Werbung, Produkte, Dienstleistungen oder andere Materialien, die von fremden Websites angeboten oder \u00fcber sie zur Verf\u00fcgung gestellt werden, \u00fcbernimmt die IKOS HOTEL MANAGEMENT SA weder Haftung und Verantwortung, noch werden diese von ihr gebilligt. Gleiches gilt f\u00fcr Websites, die Links auf die Website der IKOS RESORTS enthalten k\u00f6nnen.<\/p><\/div><\/section><\/div><\/div><\/div>\t\t\t\t\t\t<\/div>\n\t\t\t\t<\/div>\n\t\t\t\t\t<\/div>\n\t\t<\/div>\n\t\t\t\t\t<\/div>\n\t\t<\/section>\n\t\t\t\t<\/div>\n\t\t","protected":false},"excerpt":{"rendered":"<p>Haftungsausschluss Erkunden Swipe to explore Haftungsausschluss Willkommen auf der Website der IKOS RESORTS. Zu Ihrer und unserer eigenen Sicherheit haben wir die nachstehenden Nutzungsbedingungen f\u00fcr diese Website festgelegt. Die IKOS HOTEL MANAGEMENT SA bietet Ihnen \u00fcber diese Website eine Vielzahl von Online-Inhalten, die allesamt diesen Nutzungsbedingungen unterliegen. Durch die Nutzung dieser Website akzeptieren Sie die [&hellip;]<\/p>\n","protected":false},"author":1,"featured_media":0,"parent":48602,"menu_order":0,"comment_status":"closed","ping_status":"closed","template":"","meta":{"inline_featured_image":false,"footnotes":""},"yoast_head":"<!-- This site is optimized with the Yoast SEO Premium plugin v24.5 (Yoast SEO v24.5) - https:\/\/yoast.com\/wordpress\/plugins\/seo\/ -->\n<title>Haftungsausschluss | Ikos Resorts<\/title>\n<meta name=\"description\" content=\"Achten Sie auf den Haftungsausschluss bez\u00fcglich der allgemeinen Gesch\u00e4ftsbedingungen, die auf der Website der Ikos Resorts gelten. Erfahren Sie hier mehr!\" \/>\n<meta name=\"robots\" content=\"index, follow, max-snippet:-1, max-image-preview:large, max-video-preview:-1\" \/>\n<link rel=\"canonical\" href=\"https:\/\/ikosresorts.com\/de\/legal\/disclaimer\/\" \/>\n<meta property=\"og:locale\" content=\"de_DE\" \/>\n<meta property=\"og:type\" content=\"article\" \/>\n<meta property=\"og:title\" content=\"Disclaimer\" \/>\n<meta property=\"og:description\" content=\"Achten Sie auf den Haftungsausschluss bez\u00fcglich der allgemeinen Gesch\u00e4ftsbedingungen, die auf der Website der Ikos Resorts gelten. Erfahren Sie hier mehr!\" \/>\n<meta property=\"og:url\" content=\"https:\/\/ikosresorts.com\/de\/legal\/disclaimer\/\" \/>\n<meta property=\"og:site_name\" content=\"Ikos Resorts\" \/>\n<meta property=\"article:modified_time\" content=\"2024-08-07T09:15:56+00:00\" \/>\n<meta property=\"og:image\" content=\"https:\/\/ikosresorts.com\/wp-content\/uploads\/2022\/10\/arrow-down.png\" \/>\n<meta name=\"twitter:card\" content=\"summary_large_image\" \/>\n<meta name=\"twitter:label1\" content=\"Est. reading time\" \/>\n\t<meta name=\"twitter:data1\" content=\"4 minutes\" \/>\n<script type=\"application\/ld+json\" class=\"yoast-schema-graph\">{\"@context\":\"https:\/\/schema.org\",\"@graph\":[{\"@type\":\"WebPage\",\"@id\":\"https:\/\/ikosresorts.com\/de\/legal\/disclaimer\/\",\"url\":\"https:\/\/ikosresorts.com\/de\/legal\/disclaimer\/\",\"name\":\"Haftungsausschluss | Ikos Resorts\",\"isPartOf\":{\"@id\":\"https:\/\/ikosresorts.com\/de\/#website\"},\"primaryImageOfPage\":{\"@id\":\"https:\/\/ikosresorts.com\/de\/legal\/disclaimer\/#primaryimage\"},\"image\":{\"@id\":\"https:\/\/ikosresorts.com\/de\/legal\/disclaimer\/#primaryimage\"},\"thumbnailUrl\":\"https:\/\/ikosresorts.com\/wp-content\/uploads\/2022\/10\/arrow-down.png\",\"datePublished\":\"2022-09-26T14:30:58+00:00\",\"dateModified\":\"2024-08-07T09:15:56+00:00\",\"description\":\"Achten Sie auf den Haftungsausschluss bez\u00fcglich der allgemeinen Gesch\u00e4ftsbedingungen, die auf der Website der Ikos Resorts gelten. Erfahren Sie hier mehr!\",\"breadcrumb\":{\"@id\":\"https:\/\/ikosresorts.com\/de\/legal\/disclaimer\/#breadcrumb\"},\"inLanguage\":\"de\",\"potentialAction\":[{\"@type\":\"ReadAction\",\"target\":[\"https:\/\/ikosresorts.com\/de\/legal\/disclaimer\/\"]}]},{\"@type\":\"ImageObject\",\"inLanguage\":\"de\",\"@id\":\"https:\/\/ikosresorts.com\/de\/legal\/disclaimer\/#primaryimage\",\"url\":\"https:\/\/ikosresorts.com\/wp-content\/uploads\/2022\/10\/arrow-down.png\",\"contentUrl\":\"https:\/\/ikosresorts.com\/wp-content\/uploads\/2022\/10\/arrow-down.png\"},{\"@type\":\"BreadcrumbList\",\"@id\":\"https:\/\/ikosresorts.com\/de\/legal\/disclaimer\/#breadcrumb\",\"itemListElement\":[{\"@type\":\"ListItem\",\"position\":1,\"name\":\"Home\",\"item\":\"https:\/\/ikosresorts.com\/\"},{\"@type\":\"ListItem\",\"position\":2,\"name\":\"Legal\",\"item\":\"https:\/\/ikosresorts.com\/de\/legal\/\"},{\"@type\":\"ListItem\",\"position\":3,\"name\":\"Disclaimer\"}]},{\"@type\":\"WebSite\",\"@id\":\"https:\/\/ikosresorts.com\/de\/#website\",\"url\":\"https:\/\/ikosresorts.com\/de\/\",\"name\":\"Ikos Resorts\",\"description\":\"Live The Ikos Way\",\"publisher\":{\"@id\":\"https:\/\/ikosresorts.com\/de\/#organization\"},\"potentialAction\":[{\"@type\":\"SearchAction\",\"target\":{\"@type\":\"EntryPoint\",\"urlTemplate\":\"https:\/\/ikosresorts.com\/de\/?s={search_term_string}\"},\"query-input\":{\"@type\":\"PropertyValueSpecification\",\"valueRequired\":true,\"valueName\":\"search_term_string\"}}],\"inLanguage\":\"de\"},{\"@type\":\"Organization\",\"@id\":\"https:\/\/ikosresorts.com\/de\/#organization\",\"name\":\"Ikos Resorts\",\"url\":\"https:\/\/ikosresorts.com\/de\/\",\"logo\":{\"@type\":\"ImageObject\",\"inLanguage\":\"de\",\"@id\":\"https:\/\/ikosresorts.com\/de\/#\/schema\/logo\/image\/\",\"url\":\"https:\/\/ikosresorts.com\/wp-content\/uploads\/2023\/01\/Logo_Ikos_White.svg\",\"contentUrl\":\"https:\/\/ikosresorts.com\/wp-content\/uploads\/2023\/01\/Logo_Ikos_White.svg\",\"width\":100,\"height\":61,\"caption\":\"Ikos Resorts\"},\"image\":{\"@id\":\"https:\/\/ikosresorts.com\/de\/#\/schema\/logo\/image\/\"}}]}<\/script>\n<!-- \/ Yoast SEO Premium plugin. -->","yoast_head_json":{"title":"Haftungsausschluss | Ikos Resorts","description":"Achten Sie auf den Haftungsausschluss bez\u00fcglich der allgemeinen Gesch\u00e4ftsbedingungen, die auf der Website der Ikos Resorts gelten. Erfahren Sie hier mehr!","robots":{"index":"index","follow":"follow","max-snippet":"max-snippet:-1","max-image-preview":"max-image-preview:large","max-video-preview":"max-video-preview:-1"},"canonical":"https:\/\/ikosresorts.com\/de\/legal\/disclaimer\/","og_locale":"de_DE","og_type":"article","og_title":"Disclaimer","og_description":"Achten Sie auf den Haftungsausschluss bez\u00fcglich der allgemeinen Gesch\u00e4ftsbedingungen, die auf der Website der Ikos Resorts gelten. Erfahren Sie hier mehr!","og_url":"https:\/\/ikosresorts.com\/de\/legal\/disclaimer\/","og_site_name":"Ikos Resorts","article_modified_time":"2024-08-07T09:15:56+00:00","og_image":[{"url":"https:\/\/ikosresorts.com\/wp-content\/uploads\/2022\/10\/arrow-down.png","type":"","width":"","height":""}],"twitter_card":"summary_large_image","twitter_misc":{"Est. reading time":"4 minutes"},"schema":{"@context":"https:\/\/schema.org","@graph":[{"@type":"WebPage","@id":"https:\/\/ikosresorts.com\/de\/legal\/disclaimer\/","url":"https:\/\/ikosresorts.com\/de\/legal\/disclaimer\/","name":"Haftungsausschluss | Ikos Resorts","isPartOf":{"@id":"https:\/\/ikosresorts.com\/de\/#website"},"primaryImageOfPage":{"@id":"https:\/\/ikosresorts.com\/de\/legal\/disclaimer\/#primaryimage"},"image":{"@id":"https:\/\/ikosresorts.com\/de\/legal\/disclaimer\/#primaryimage"},"thumbnailUrl":"https:\/\/ikosresorts.com\/wp-content\/uploads\/2022\/10\/arrow-down.png","datePublished":"2022-09-26T14:30:58+00:00","dateModified":"2024-08-07T09:15:56+00:00","description":"Achten Sie auf den Haftungsausschluss bez\u00fcglich der allgemeinen Gesch\u00e4ftsbedingungen, die auf der Website der Ikos Resorts gelten. Erfahren Sie hier mehr!","breadcrumb":{"@id":"https:\/\/ikosresorts.com\/de\/legal\/disclaimer\/#breadcrumb"},"inLanguage":"de","potentialAction":[{"@type":"ReadAction","target":["https:\/\/ikosresorts.com\/de\/legal\/disclaimer\/"]}]},{"@type":"ImageObject","inLanguage":"de","@id":"https:\/\/ikosresorts.com\/de\/legal\/disclaimer\/#primaryimage","url":"https:\/\/ikosresorts.com\/wp-content\/uploads\/2022\/10\/arrow-down.png","contentUrl":"https:\/\/ikosresorts.com\/wp-content\/uploads\/2022\/10\/arrow-down.png"},{"@type":"BreadcrumbList","@id":"https:\/\/ikosresorts.com\/de\/legal\/disclaimer\/#breadcrumb","itemListElement":[{"@type":"ListItem","position":1,"name":"Home","item":"https:\/\/ikosresorts.com\/"},{"@type":"ListItem","position":2,"name":"Legal","item":"https:\/\/ikosresorts.com\/de\/legal\/"},{"@type":"ListItem","position":3,"name":"Disclaimer"}]},{"@type":"WebSite","@id":"https:\/\/ikosresorts.com\/de\/#website","url":"https:\/\/ikosresorts.com\/de\/","name":"Ikos Resorts","description":"Live The Ikos Way","publisher":{"@id":"https:\/\/ikosresorts.com\/de\/#organization"},"potentialAction":[{"@type":"SearchAction","target":{"@type":"EntryPoint","urlTemplate":"https:\/\/ikosresorts.com\/de\/?s={search_term_string}"},"query-input":{"@type":"PropertyValueSpecification","valueRequired":true,"valueName":"search_term_string"}}],"inLanguage":"de"},{"@type":"Organization","@id":"https:\/\/ikosresorts.com\/de\/#organization","name":"Ikos Resorts","url":"https:\/\/ikosresorts.com\/de\/","logo":{"@type":"ImageObject","inLanguage":"de","@id":"https:\/\/ikosresorts.com\/de\/#\/schema\/logo\/image\/","url":"https:\/\/ikosresorts.com\/wp-content\/uploads\/2023\/01\/Logo_Ikos_White.svg","contentUrl":"https:\/\/ikosresorts.com\/wp-content\/uploads\/2023\/01\/Logo_Ikos_White.svg","width":100,"height":61,"caption":"Ikos Resorts"},"image":{"@id":"https:\/\/ikosresorts.com\/de\/#\/schema\/logo\/image\/"}}]}},"_links":{"self":[{"href":"https:\/\/ikosresorts.com\/de\/wp-json\/wp\/v2\/pages\/48608"}],"collection":[{"href":"https:\/\/ikosresorts.com\/de\/wp-json\/wp\/v2\/pages"}],"about":[{"href":"https:\/\/ikosresorts.com\/de\/wp-json\/wp\/v2\/types\/page"}],"author":[{"embeddable":true,"href":"https:\/\/ikosresorts.com\/de\/wp-json\/wp\/v2\/users\/1"}],"replies":[{"embeddable":true,"href":"https:\/\/ikosresorts.com\/de\/wp-json\/wp\/v2\/comments?post=48608"}],"version-history":[{"count":7,"href":"https:\/\/ikosresorts.com\/de\/wp-json\/wp\/v2\/pages\/48608\/revisions"}],"predecessor-version":[{"id":122852,"href":"https:\/\/ikosresorts.com\/de\/wp-json\/wp\/v2\/pages\/48608\/revisions\/122852"}],"up":[{"embeddable":true,"href":"https:\/\/ikosresorts.com\/de\/wp-json\/wp\/v2\/pages\/48602"}],"wp:attachment":[{"href":"https:\/\/ikosresorts.com\/de\/wp-json\/wp\/v2\/media?parent=48608"}],"curies":[{"name":"wp","href":"https:\/\/api.w.org\/{rel}","templated":true}]}}