{"id":48076,"date":"2022-08-08T15:32:12","date_gmt":"2022-08-08T15:32:12","guid":{"rendered":"https:\/\/ikosresorts.com\/?page_id=48076"},"modified":"2024-08-07T08:10:18","modified_gmt":"2024-08-07T08:10:18","slug":"accessibility","status":"publish","type":"page","link":"https:\/\/ikosresorts.com\/de\/accessibility\/","title":{"rendered":"Accessibility"},"content":{"rendered":"\t\t<div data-elementor-type=\"wp-page\" data-elementor-id=\"48076\" class=\"elementor elementor-48076 elementor-38\" data-elementor-post-type=\"page\">\n\t\t\t\t\t\t<section class=\"elementor-section elementor-top-section elementor-element elementor-element-f3ba472 elementor-section-full_width elementor-section-height-min-height hero-single elementor-section-height-default elementor-section-items-middle\" data-id=\"f3ba472\" data-element_type=\"section\" data-settings=\"{&quot;background_background&quot;:&quot;slideshow&quot;,&quot;background_slideshow_gallery&quot;:[{&quot;id&quot;:58205,&quot;url&quot;:&quot;https:\\\/\\\/ikosresorts.com\\\/wp-content\\\/uploads\\\/2022\\\/12\\\/Ikos-Oceania-_-Beach_2801x2100-1-1-1-scaled.jpg&quot;}],&quot;background_slideshow_slide_transition&quot;:&quot;fade&quot;}\">\n\t\t\t\t\t\t\t<div class=\"elementor-background-overlay\"><\/div>\n\t\t\t\t\t\t\t<div class=\"elementor-container elementor-column-gap-default\">\n\t\t\t\t\t<div class=\"elementor-column elementor-col-100 elementor-top-column elementor-element elementor-element-5c7e6584 hero-column\" data-id=\"5c7e6584\" data-element_type=\"column\">\n\t\t\t<div class=\"elementor-widget-wrap elementor-element-populated\">\n\t\t\t\t\t\t<section class=\"elementor-section elementor-inner-section elementor-element elementor-element-730ef0e3 elementor-section-full_width hero-group-titles elementor-section-height-default elementor-section-height-default\" data-id=\"730ef0e3\" data-element_type=\"section\">\n\t\t\t\t\t\t<div class=\"elementor-container elementor-column-gap-no\">\n\t\t\t\t\t<div class=\"elementor-column elementor-col-100 elementor-inner-column elementor-element elementor-element-78ec3dc3\" data-id=\"78ec3dc3\" data-element_type=\"column\">\n\t\t\t<div class=\"elementor-widget-wrap elementor-element-populated\">\n\t\t\t\t\t\t<div class=\"elementor-element elementor-element-9021f27 hero2-title elementor-widget elementor-widget-heading\" data-id=\"9021f27\" data-element_type=\"widget\" data-widget_type=\"heading.default\">\n\t\t\t\t<div class=\"elementor-widget-container\">\n\t\t\t<style>\/*! elementor - v3.21.0 - 26-05-2024 *\/\n.elementor-heading-title{padding:0;margin:0;line-height:1}.elementor-widget-heading .elementor-heading-title[class*=elementor-size-]>a{color:inherit;font-size:inherit;line-height:inherit}.elementor-widget-heading .elementor-heading-title.elementor-size-small{font-size:15px}.elementor-widget-heading .elementor-heading-title.elementor-size-medium{font-size:19px}.elementor-widget-heading .elementor-heading-title.elementor-size-large{font-size:29px}.elementor-widget-heading .elementor-heading-title.elementor-size-xl{font-size:39px}.elementor-widget-heading .elementor-heading-title.elementor-size-xxl{font-size:59px}<\/style><h1 class=\"elementor-heading-title elementor-size-default\">Barrierefreiheit der webseite <\/h1>\t\t<\/div>\n\t\t\t\t<\/div>\n\t\t\t\t\t<\/div>\n\t\t<\/div>\n\t\t\t\t\t<\/div>\n\t\t<\/section>\n\t\t\t\t<section class=\"elementor-section elementor-inner-section elementor-element elementor-element-363e8aee hero-explore-desktop elementor-section-height-min-height elementor-hidden-mobile elementor-section-boxed elementor-section-height-default\" data-id=\"363e8aee\" data-element_type=\"section\">\n\t\t\t\t\t\t<div class=\"elementor-container elementor-column-gap-default\">\n\t\t\t\t\t<div class=\"elementor-column elementor-col-100 elementor-inner-column elementor-element elementor-element-aa53cb9 hero-column\" data-id=\"aa53cb9\" data-element_type=\"column\">\n\t\t\t<div class=\"elementor-widget-wrap elementor-element-populated\">\n\t\t\t\t\t\t<div class=\"elementor-element elementor-element-69587daa elementor-widget elementor-widget-heading\" data-id=\"69587daa\" data-element_type=\"widget\" data-widget_type=\"heading.default\">\n\t\t\t\t<div class=\"elementor-widget-container\">\n\t\t\t<h2 class=\"elementor-heading-title elementor-size-default\">Erkunden<\/h2>\t\t<\/div>\n\t\t\t\t<\/div>\n\t\t\t\t<div class=\"elementor-element elementor-element-38357192 elementor-widget elementor-widget-image\" data-id=\"38357192\" data-element_type=\"widget\" data-widget_type=\"image.default\">\n\t\t\t\t<div class=\"elementor-widget-container\">\n\t\t\t<style>\/*! elementor - v3.21.0 - 26-05-2024 *\/\n.elementor-widget-image{text-align:center}.elementor-widget-image a{display:inline-block}.elementor-widget-image a img[src$=\".svg\"]{width:48px}.elementor-widget-image img{vertical-align:middle;display:inline-block}<\/style>\t\t\t\t\t\t\t\t\t\t<img decoding=\"async\" width=\"26\" height=\"30\" src=\"https:\/\/ikosresorts.com\/wp-content\/uploads\/2022\/10\/arrow-down.png\" class=\"attachment-large size-large wp-image-9213\" alt=\"arrow-down\" \/>\t\t\t\t\t\t\t\t\t\t\t\t\t<\/div>\n\t\t\t\t<\/div>\n\t\t\t\t\t<\/div>\n\t\t<\/div>\n\t\t\t\t\t<\/div>\n\t\t<\/section>\n\t\t\t\t<section class=\"elementor-section elementor-inner-section elementor-element elementor-element-27b476d5 hero-explore-mobile elementor-section-height-min-height elementor-hidden-desktop elementor-hidden-tablet elementor-hidden-laptop elementor-section-boxed elementor-section-height-default\" data-id=\"27b476d5\" data-element_type=\"section\">\n\t\t\t\t\t\t<div class=\"elementor-container elementor-column-gap-default\">\n\t\t\t\t\t<div class=\"elementor-column elementor-col-100 elementor-inner-column elementor-element elementor-element-7394c424 hero-column\" data-id=\"7394c424\" data-element_type=\"column\">\n\t\t\t<div class=\"elementor-widget-wrap elementor-element-populated\">\n\t\t\t\t\t\t<div class=\"elementor-element elementor-element-34fae83b elementor-widget__width-auto elementor-widget elementor-widget-image\" data-id=\"34fae83b\" data-element_type=\"widget\" data-widget_type=\"image.default\">\n\t\t\t\t<div class=\"elementor-widget-container\">\n\t\t\t\t\t\t\t\t\t\t\t\t\t<img decoding=\"async\" width=\"26\" height=\"30\" src=\"https:\/\/ikosresorts.com\/wp-content\/uploads\/2022\/10\/arrow-down.png\" class=\"attachment-large size-large wp-image-9213\" alt=\"arrow-down\" \/>\t\t\t\t\t\t\t\t\t\t\t\t\t<\/div>\n\t\t\t\t<\/div>\n\t\t\t\t<div class=\"elementor-element elementor-element-4d6aad32 elementor-widget__width-auto elementor-widget elementor-widget-heading\" data-id=\"4d6aad32\" data-element_type=\"widget\" data-widget_type=\"heading.default\">\n\t\t\t\t<div class=\"elementor-widget-container\">\n\t\t\t<h2 class=\"elementor-heading-title elementor-size-default\">Swipe to explore<\/h2>\t\t<\/div>\n\t\t\t\t<\/div>\n\t\t\t\t\t<\/div>\n\t\t<\/div>\n\t\t\t\t\t<\/div>\n\t\t<\/section>\n\t\t\t\t\t<\/div>\n\t\t<\/div>\n\t\t\t\t\t<\/div>\n\t\t<\/section>\n\t\t\t\t<section class=\"elementor-section elementor-top-section elementor-element elementor-element-7f37a07 ikos-rich-text elementor-section-boxed elementor-section-height-default elementor-section-height-default\" data-id=\"7f37a07\" data-element_type=\"section\" data-settings=\"{&quot;background_background&quot;:&quot;classic&quot;}\">\n\t\t\t\t\t\t<div class=\"elementor-container elementor-column-gap-default\">\n\t\t\t\t\t<div class=\"elementor-column elementor-col-100 elementor-top-column elementor-element elementor-element-b763748\" data-id=\"b763748\" data-element_type=\"column\">\n\t\t\t<div class=\"elementor-widget-wrap elementor-element-populated\">\n\t\t\t\t\t\t<div class=\"elementor-element elementor-element-4c72f2d8 elementor-widget elementor-widget-heading\" data-id=\"4c72f2d8\" data-element_type=\"widget\" data-widget_type=\"heading.default\">\n\t\t\t\t<div class=\"elementor-widget-container\">\n\t\t\t<h2 class=\"elementor-heading-title elementor-size-default\">Barrierefreiheit der webseite <\/h2>\t\t<\/div>\n\t\t\t\t<\/div>\n\t\t\t\t<div class=\"elementor-element elementor-element-7e6a38 elementor-widget elementor-widget-text-editor\" data-id=\"7e6a38\" data-element_type=\"widget\" data-widget_type=\"text-editor.default\">\n\t\t\t\t<div class=\"elementor-widget-container\">\n\t\t\t<style>\/*! elementor - v3.21.0 - 26-05-2024 *\/\n.elementor-widget-text-editor.elementor-drop-cap-view-stacked .elementor-drop-cap{background-color:#69727d;color:#fff}.elementor-widget-text-editor.elementor-drop-cap-view-framed .elementor-drop-cap{color:#69727d;border:3px solid;background-color:transparent}.elementor-widget-text-editor:not(.elementor-drop-cap-view-default) .elementor-drop-cap{margin-top:8px}.elementor-widget-text-editor:not(.elementor-drop-cap-view-default) .elementor-drop-cap-letter{width:1em;height:1em}.elementor-widget-text-editor .elementor-drop-cap{float:left;text-align:center;line-height:1;font-size:50px}.elementor-widget-text-editor .elementor-drop-cap-letter{display:inline-block}<\/style>\t\t\t\t<p>Unsere Website wurde gem\u00e4\u00df den Richtlinien, die von der Web Accessibility Initiative (WAI) aufgestellt wurden, so konzipiert, dass sie die gr\u00f6\u00dftm\u00f6gliche Barrierefreiheit f\u00fcr die Kunden bietet.<\/p><p>Auf Ihrem Computer sind bereits einige sehr einfache Datenverarbeitungsprogramme integriert, die Ihnen helfen, damit Sie auf die gew\u00fcnschten Informationen unserer Website zugreifen k\u00f6nnen.<\/p><p>Au\u00dferdem k\u00f6nnen Sie Ihre Computereinstellung ganz einfach so ab\u00e4ndern, dass Sie die Inhalte auf der Website deutlicher sehen k\u00f6nnen.<\/p><p>\u00dcber die g\u00e4ngigen Internet-Browser wie Internet Explorer oder Safari k\u00f6nnen Sie die Gr\u00f6\u00dfe und Farbe von Texten selbst einstellen. Viele Betriebssysteme verf\u00fcgen auch \u00fcber eine integrierte Bildschirmlupe, mit der Sie Teile der Website um ein Vielfaches der urspr\u00fcnglichen Gr\u00f6\u00dfe vergr\u00f6\u00dfern k\u00f6nnen.<\/p><p>\u00a0<\/p><h4><strong>Bilder<\/strong><\/h4><p>Alle Bilder, die auf dieser Website verwendet werden, beinhalten sogenannte deskriptive ALT-Attribute.<\/p><h4><strong>Zugriff auf unsere Website<\/strong><\/h4><p>Der Zugriff auf unsere Website ist m\u00f6glicherweise nicht durchg\u00e4ngig gegeben. Wir behalten uns au\u00dferdem das Recht vor, ohne vorherige Ank\u00fcndigung den Zugang zu unserer Website aufzuheben oder zur\u00fcckzuziehen (ob speziell Ihnen gegen\u00fcber oder ganz allgemein) oder die Dienstleistungen, die wir auf unserer Website anbieten, zu \u00e4ndern. Sollte der Zugriff auf unsere Website zeitweise nicht m\u00f6glich sein, \u00fcbernehmen wir hierf\u00fcr weder eine Verantwortung noch Haftung.<\/p><p>Unser Ziel ist es, auf unserer Website stets aktuelle Inhalte zu pr\u00e4sentieren. Daher k\u00f6nnen sich ihre Inhalte jederzeit \u00e4ndern.<\/p><p>\u00a0<\/p>\t\t\t\t\t\t<\/div>\n\t\t\t\t<\/div>\n\t\t\t\t\t<\/div>\n\t\t<\/div>\n\t\t\t\t\t<\/div>\n\t\t<\/section>\n\t\t\t\t<\/div>\n\t\t","protected":false},"excerpt":{"rendered":"<p>Barrierefreiheit der webseite Erkunden Swipe to explore Barrierefreiheit der webseite Unsere Website wurde gem\u00e4\u00df den Richtlinien, die von der Web Accessibility Initiative (WAI) aufgestellt wurden, so konzipiert, dass sie die gr\u00f6\u00dftm\u00f6gliche Barrierefreiheit f\u00fcr die Kunden bietet. Auf Ihrem Computer sind bereits einige sehr einfache Datenverarbeitungsprogramme integriert, die Ihnen helfen, damit Sie auf die gew\u00fcnschten Informationen [&hellip;]<\/p>\n","protected":false},"author":1,"featured_media":0,"parent":0,"menu_order":0,"comment_status":"closed","ping_status":"closed","template":"","meta":{"inline_featured_image":false,"footnotes":""},"yoast_head":"<!-- This site is optimized with the Yoast SEO Premium plugin v24.5 (Yoast SEO v24.5) - https:\/\/yoast.com\/wordpress\/plugins\/seo\/ -->\n<title>Zug\u00e4nglichkeitsrichtlinien der Ikos-Website | Ikos Resorts<\/title>\n<meta name=\"description\" content=\"Diese Seite beschreibt die Zug\u00e4nglichkeitsrichtlinien, die wir auf der Website von Ikos Resorts \u00fcbernommen haben. Erfahren Sie hier mehr!\" \/>\n<meta name=\"robots\" content=\"index, follow, max-snippet:-1, max-image-preview:large, max-video-preview:-1\" \/>\n<link rel=\"canonical\" href=\"https:\/\/ikosresorts.com\/de\/accessibility\/\" \/>\n<meta property=\"og:locale\" content=\"de_DE\" \/>\n<meta property=\"og:type\" content=\"article\" \/>\n<meta property=\"og:title\" content=\"Accessibility\" \/>\n<meta property=\"og:description\" content=\"Diese Seite beschreibt die Zug\u00e4nglichkeitsrichtlinien, die wir auf der Website von Ikos Resorts \u00fcbernommen haben. Erfahren Sie hier mehr!\" \/>\n<meta property=\"og:url\" content=\"https:\/\/ikosresorts.com\/de\/accessibility\/\" \/>\n<meta property=\"og:site_name\" content=\"Ikos Resorts\" \/>\n<meta property=\"article:modified_time\" content=\"2024-08-07T08:10:18+00:00\" \/>\n<meta property=\"og:image\" content=\"https:\/\/ikosresorts.com\/wp-content\/uploads\/2022\/10\/arrow-down.png\" \/>\n<meta name=\"twitter:card\" content=\"summary_large_image\" \/>\n<meta name=\"twitter:label1\" content=\"Est. reading time\" \/>\n\t<meta name=\"twitter:data1\" content=\"2 minutes\" \/>\n<script type=\"application\/ld+json\" class=\"yoast-schema-graph\">{\"@context\":\"https:\/\/schema.org\",\"@graph\":[{\"@type\":\"WebPage\",\"@id\":\"https:\/\/ikosresorts.com\/de\/accessibility\/\",\"url\":\"https:\/\/ikosresorts.com\/de\/accessibility\/\",\"name\":\"Zug\u00e4nglichkeitsrichtlinien der Ikos-Website | Ikos Resorts\",\"isPartOf\":{\"@id\":\"https:\/\/ikosresorts.com\/de\/#website\"},\"primaryImageOfPage\":{\"@id\":\"https:\/\/ikosresorts.com\/de\/accessibility\/#primaryimage\"},\"image\":{\"@id\":\"https:\/\/ikosresorts.com\/de\/accessibility\/#primaryimage\"},\"thumbnailUrl\":\"https:\/\/ikosresorts.com\/wp-content\/uploads\/2022\/10\/arrow-down.png\",\"datePublished\":\"2022-08-08T15:32:12+00:00\",\"dateModified\":\"2024-08-07T08:10:18+00:00\",\"description\":\"Diese Seite beschreibt die Zug\u00e4nglichkeitsrichtlinien, die wir auf der Website von Ikos Resorts \u00fcbernommen haben. Erfahren Sie hier mehr!\",\"breadcrumb\":{\"@id\":\"https:\/\/ikosresorts.com\/de\/accessibility\/#breadcrumb\"},\"inLanguage\":\"de\",\"potentialAction\":[{\"@type\":\"ReadAction\",\"target\":[\"https:\/\/ikosresorts.com\/de\/accessibility\/\"]}]},{\"@type\":\"ImageObject\",\"inLanguage\":\"de\",\"@id\":\"https:\/\/ikosresorts.com\/de\/accessibility\/#primaryimage\",\"url\":\"https:\/\/ikosresorts.com\/wp-content\/uploads\/2022\/10\/arrow-down.png\",\"contentUrl\":\"https:\/\/ikosresorts.com\/wp-content\/uploads\/2022\/10\/arrow-down.png\"},{\"@type\":\"BreadcrumbList\",\"@id\":\"https:\/\/ikosresorts.com\/de\/accessibility\/#breadcrumb\",\"itemListElement\":[{\"@type\":\"ListItem\",\"position\":1,\"name\":\"Home\",\"item\":\"https:\/\/ikosresorts.com\/\"},{\"@type\":\"ListItem\",\"position\":2,\"name\":\"Accessibility\"}]},{\"@type\":\"WebSite\",\"@id\":\"https:\/\/ikosresorts.com\/de\/#website\",\"url\":\"https:\/\/ikosresorts.com\/de\/\",\"name\":\"Ikos Resorts\",\"description\":\"Live The Ikos Way\",\"publisher\":{\"@id\":\"https:\/\/ikosresorts.com\/de\/#organization\"},\"potentialAction\":[{\"@type\":\"SearchAction\",\"target\":{\"@type\":\"EntryPoint\",\"urlTemplate\":\"https:\/\/ikosresorts.com\/de\/?s={search_term_string}\"},\"query-input\":{\"@type\":\"PropertyValueSpecification\",\"valueRequired\":true,\"valueName\":\"search_term_string\"}}],\"inLanguage\":\"de\"},{\"@type\":\"Organization\",\"@id\":\"https:\/\/ikosresorts.com\/de\/#organization\",\"name\":\"Ikos Resorts\",\"url\":\"https:\/\/ikosresorts.com\/de\/\",\"logo\":{\"@type\":\"ImageObject\",\"inLanguage\":\"de\",\"@id\":\"https:\/\/ikosresorts.com\/de\/#\/schema\/logo\/image\/\",\"url\":\"https:\/\/ikosresorts.com\/wp-content\/uploads\/2023\/01\/Logo_Ikos_White.svg\",\"contentUrl\":\"https:\/\/ikosresorts.com\/wp-content\/uploads\/2023\/01\/Logo_Ikos_White.svg\",\"width\":100,\"height\":61,\"caption\":\"Ikos Resorts\"},\"image\":{\"@id\":\"https:\/\/ikosresorts.com\/de\/#\/schema\/logo\/image\/\"}}]}<\/script>\n<!-- \/ Yoast SEO Premium plugin. -->","yoast_head_json":{"title":"Zug\u00e4nglichkeitsrichtlinien der Ikos-Website | Ikos Resorts","description":"Diese Seite beschreibt die Zug\u00e4nglichkeitsrichtlinien, die wir auf der Website von Ikos Resorts \u00fcbernommen haben. Erfahren Sie hier mehr!","robots":{"index":"index","follow":"follow","max-snippet":"max-snippet:-1","max-image-preview":"max-image-preview:large","max-video-preview":"max-video-preview:-1"},"canonical":"https:\/\/ikosresorts.com\/de\/accessibility\/","og_locale":"de_DE","og_type":"article","og_title":"Accessibility","og_description":"Diese Seite beschreibt die Zug\u00e4nglichkeitsrichtlinien, die wir auf der Website von Ikos Resorts \u00fcbernommen haben. Erfahren Sie hier mehr!","og_url":"https:\/\/ikosresorts.com\/de\/accessibility\/","og_site_name":"Ikos Resorts","article_modified_time":"2024-08-07T08:10:18+00:00","og_image":[{"url":"https:\/\/ikosresorts.com\/wp-content\/uploads\/2022\/10\/arrow-down.png","type":"","width":"","height":""}],"twitter_card":"summary_large_image","twitter_misc":{"Est. reading time":"2 minutes"},"schema":{"@context":"https:\/\/schema.org","@graph":[{"@type":"WebPage","@id":"https:\/\/ikosresorts.com\/de\/accessibility\/","url":"https:\/\/ikosresorts.com\/de\/accessibility\/","name":"Zug\u00e4nglichkeitsrichtlinien der Ikos-Website | Ikos Resorts","isPartOf":{"@id":"https:\/\/ikosresorts.com\/de\/#website"},"primaryImageOfPage":{"@id":"https:\/\/ikosresorts.com\/de\/accessibility\/#primaryimage"},"image":{"@id":"https:\/\/ikosresorts.com\/de\/accessibility\/#primaryimage"},"thumbnailUrl":"https:\/\/ikosresorts.com\/wp-content\/uploads\/2022\/10\/arrow-down.png","datePublished":"2022-08-08T15:32:12+00:00","dateModified":"2024-08-07T08:10:18+00:00","description":"Diese Seite beschreibt die Zug\u00e4nglichkeitsrichtlinien, die wir auf der Website von Ikos Resorts \u00fcbernommen haben. Erfahren Sie hier mehr!","breadcrumb":{"@id":"https:\/\/ikosresorts.com\/de\/accessibility\/#breadcrumb"},"inLanguage":"de","potentialAction":[{"@type":"ReadAction","target":["https:\/\/ikosresorts.com\/de\/accessibility\/"]}]},{"@type":"ImageObject","inLanguage":"de","@id":"https:\/\/ikosresorts.com\/de\/accessibility\/#primaryimage","url":"https:\/\/ikosresorts.com\/wp-content\/uploads\/2022\/10\/arrow-down.png","contentUrl":"https:\/\/ikosresorts.com\/wp-content\/uploads\/2022\/10\/arrow-down.png"},{"@type":"BreadcrumbList","@id":"https:\/\/ikosresorts.com\/de\/accessibility\/#breadcrumb","itemListElement":[{"@type":"ListItem","position":1,"name":"Home","item":"https:\/\/ikosresorts.com\/"},{"@type":"ListItem","position":2,"name":"Accessibility"}]},{"@type":"WebSite","@id":"https:\/\/ikosresorts.com\/de\/#website","url":"https:\/\/ikosresorts.com\/de\/","name":"Ikos Resorts","description":"Live The Ikos Way","publisher":{"@id":"https:\/\/ikosresorts.com\/de\/#organization"},"potentialAction":[{"@type":"SearchAction","target":{"@type":"EntryPoint","urlTemplate":"https:\/\/ikosresorts.com\/de\/?s={search_term_string}"},"query-input":{"@type":"PropertyValueSpecification","valueRequired":true,"valueName":"search_term_string"}}],"inLanguage":"de"},{"@type":"Organization","@id":"https:\/\/ikosresorts.com\/de\/#organization","name":"Ikos Resorts","url":"https:\/\/ikosresorts.com\/de\/","logo":{"@type":"ImageObject","inLanguage":"de","@id":"https:\/\/ikosresorts.com\/de\/#\/schema\/logo\/image\/","url":"https:\/\/ikosresorts.com\/wp-content\/uploads\/2023\/01\/Logo_Ikos_White.svg","contentUrl":"https:\/\/ikosresorts.com\/wp-content\/uploads\/2023\/01\/Logo_Ikos_White.svg","width":100,"height":61,"caption":"Ikos Resorts"},"image":{"@id":"https:\/\/ikosresorts.com\/de\/#\/schema\/logo\/image\/"}}]}},"_links":{"self":[{"href":"https:\/\/ikosresorts.com\/de\/wp-json\/wp\/v2\/pages\/48076"}],"collection":[{"href":"https:\/\/ikosresorts.com\/de\/wp-json\/wp\/v2\/pages"}],"about":[{"href":"https:\/\/ikosresorts.com\/de\/wp-json\/wp\/v2\/types\/page"}],"author":[{"embeddable":true,"href":"https:\/\/ikosresorts.com\/de\/wp-json\/wp\/v2\/users\/1"}],"replies":[{"embeddable":true,"href":"https:\/\/ikosresorts.com\/de\/wp-json\/wp\/v2\/comments?post=48076"}],"version-history":[{"count":10,"href":"https:\/\/ikosresorts.com\/de\/wp-json\/wp\/v2\/pages\/48076\/revisions"}],"predecessor-version":[{"id":99401,"href":"https:\/\/ikosresorts.com\/de\/wp-json\/wp\/v2\/pages\/48076\/revisions\/99401"}],"wp:attachment":[{"href":"https:\/\/ikosresorts.com\/de\/wp-json\/wp\/v2\/media?parent=48076"}],"curies":[{"name":"wp","href":"https:\/\/api.w.org\/{rel}","templated":true}]}}